{"id":22182,"date":"2022-06-16T15:54:11","date_gmt":"2022-06-16T13:54:11","guid":{"rendered":"https:\/\/virgingrip.com\/?post_type=product&#038;p=22182"},"modified":"2025-07-22T11:03:06","modified_gmt":"2025-07-22T09:03:06","slug":"fighter-6","status":"publish","type":"product","link":"https:\/\/www.virgingrip.com\/de\/frp-makros\/fighter-6\/","title":{"rendered":"Fighter 6"},"content":{"rendered":"<p>Probiert mal eines unserer Epoxy-Laminate f\u00fcr das Sportklettern. Sie sind sowohl beim Bouldern als auch beim Seilklettern n\u00fctzlich. Ihre Form entspricht den Anforderungen des extremen Sportkletterns in \u00dcberh\u00e4ngen, aber auch an einer senkrechten Wand wird die breiteste Gruppe eurer Besucher Freude haben. Gute Form, gute Reibung und lange Lebensdauer! Unsere gesamte Fighters-Kletterlaminat-Serie besteht aus insgesamt 12 Teilen und ist in vier Grundfarben erh\u00e4ltlich. <\/p>\n","protected":false},"excerpt":{"rendered":"<p>Probiert mal eines unserer Epoxy-Laminate f\u00fcr das Sportklettern. Sie sind sowohl beim Bouldern als auch beim Seilklettern n\u00fctzlich. Ihre Form entspricht den Anforderungen des extremen Sportkletterns in \u00dcberh\u00e4ngen, aber auch an einer senkrechten Wand wird die breiteste Gruppe eurer Besucher Freude haben. Gute Form, gute Reibung und lange Lebensdauer! Unsere gesamte Fighters-Kletterlaminat-Serie besteht aus insgesamt [&hellip;]<\/p>\n","protected":false},"featured_media":21895,"template":"","meta":{"_acf_changed":false,"_crdt_document":"","site-sidebar-layout":"default","site-content-layout":"default","ast-site-content-layout":"default","site-content-style":"default","site-sidebar-style":"default","ast-global-header-display":"","ast-banner-title-visibility":"","ast-main-header-display":"","ast-hfb-above-header-display":"","ast-hfb-below-header-display":"","ast-hfb-mobile-header-display":"","site-post-title":"","ast-breadcrumbs-content":"","ast-featured-img":"","footer-sml-layout":"","ast-disable-related-posts":"","theme-transparent-header-meta":"default","adv-header-id-meta":"","stick-header-meta":"default","header-above-stick-meta":"","header-main-stick-meta":"","header-below-stick-meta":"","astra-migrate-meta-layouts":"default","ast-page-background-enabled":"default","ast-page-background-meta":{"desktop":{"background-color":"","background-image":"","background-repeat":"repeat","background-position":"center center","background-size":"auto","background-attachment":"scroll","background-type":"","background-media":"","overlay-type":"","overlay-color":"","overlay-opacity":"","overlay-gradient":""},"tablet":{"background-color":"","background-image":"","background-repeat":"repeat","background-position":"center center","background-size":"auto","background-attachment":"scroll","background-type":"","background-media":"","overlay-type":"","overlay-color":"","overlay-opacity":"","overlay-gradient":""},"mobile":{"background-color":"","background-image":"","background-repeat":"repeat","background-position":"center center","background-size":"auto","background-attachment":"scroll","background-type":"","background-media":"","overlay-type":"","overlay-color":"","overlay-opacity":"","overlay-gradient":""}},"ast-content-background-meta":{"desktop":{"background-color":"var(--ast-global-color-5)","background-image":"","background-repeat":"repeat","background-position":"center center","background-size":"auto","background-attachment":"scroll","background-type":"","background-media":"","overlay-type":"","overlay-color":"","overlay-opacity":"","overlay-gradient":""},"tablet":{"background-color":"var(--ast-global-color-5)","background-image":"","background-repeat":"repeat","background-position":"center center","background-size":"auto","background-attachment":"scroll","background-type":"","background-media":"","overlay-type":"","overlay-color":"","overlay-opacity":"","overlay-gradient":""},"mobile":{"background-color":"var(--ast-global-color-5)","background-image":"","background-repeat":"repeat","background-position":"center center","background-size":"auto","background-attachment":"scroll","background-type":"","background-media":"","overlay-type":"","overlay-color":"","overlay-opacity":"","overlay-gradient":""}},"_joinchat":[]},"product_brand":[],"product_cat":[532],"product_tag":[],"pack":[],"style":[512],"class_list":{"0":"post-22182","1":"product","2":"type-product","3":"status-publish","4":"has-post-thumbnail","6":"product_cat-frp-makros","7":"pa_color-blau-de","8":"pa_color-grun","9":"pa_color-mint-green-ral-6027","10":"pa_color-rot","11":"pa_color-schwarz","12":"pa_color-virgingrip-blue-ral-670-6-de","13":"pa_color-weis","14":"pa_dual-texture-ja","15":"pa_fixation-screw-on-de","16":"pa_material-glasfaserverstarkter-epoxidkunststoff-frp","17":"pa_size-macro-de","18":"pa_type-of-grip-jug-de","19":"style-indoor","20":"desktop-align-left","21":"tablet-align-left","22":"mobile-align-left","24":"first","25":"instock","26":"taxable","27":"shipping-taxable","28":"purchasable","29":"product-type-variable"},"acf":[],"_links":{"self":[{"href":"https:\/\/www.virgingrip.com\/de\/wp-json\/wp\/v2\/product\/22182","targetHints":{"allow":["GET"]}}],"collection":[{"href":"https:\/\/www.virgingrip.com\/de\/wp-json\/wp\/v2\/product"}],"about":[{"href":"https:\/\/www.virgingrip.com\/de\/wp-json\/wp\/v2\/types\/product"}],"wp:featuredmedia":[{"embeddable":true,"href":"https:\/\/www.virgingrip.com\/de\/wp-json\/wp\/v2\/media\/21895"}],"wp:attachment":[{"href":"https:\/\/www.virgingrip.com\/de\/wp-json\/wp\/v2\/media?parent=22182"}],"wp:term":[{"taxonomy":"product_brand","embeddable":true,"href":"https:\/\/www.virgingrip.com\/de\/wp-json\/wp\/v2\/product_brand?post=22182"},{"taxonomy":"product_cat","embeddable":true,"href":"https:\/\/www.virgingrip.com\/de\/wp-json\/wp\/v2\/product_cat?post=22182"},{"taxonomy":"product_tag","embeddable":true,"href":"https:\/\/www.virgingrip.com\/de\/wp-json\/wp\/v2\/product_tag?post=22182"},{"taxonomy":"pack","embeddable":true,"href":"https:\/\/www.virgingrip.com\/de\/wp-json\/wp\/v2\/pack?post=22182"},{"taxonomy":"style","embeddable":true,"href":"https:\/\/www.virgingrip.com\/de\/wp-json\/wp\/v2\/style?post=22182"}],"curies":[{"name":"wp","href":"https:\/\/api.w.org\/{rel}","templated":true}]}}