{"id":22360,"date":"2022-07-05T18:19:06","date_gmt":"2022-07-05T16:19:06","guid":{"rendered":"https:\/\/virgingrip.com\/?post_type=product&#038;p=22360"},"modified":"2025-07-22T11:03:03","modified_gmt":"2025-07-22T09:03:03","slug":"seashells-boulder-pack","status":"publish","type":"product","link":"https:\/\/www.virgingrip.com\/de\/klettergriffe\/seashells-boulder-pack\/","title":{"rendered":"Seashells"},"content":{"rendered":"<p>Ein au\u00dfergew\u00f6hnliches Set von Klettergriffen, die h\u00e4ufig bei nationalen Boulderwettbewerben verwendet werden. Die dual surface dieser Griffe hat nur eine \u00e4sthetische Funktion, die die Griffe noch besser hervorhebt. Beim Grip Showcase w\u00e4hrend der CWA-Konferenz in Salt Lake City 2022 gewann der Boulder aus dieser Reihe den 1. Platz in der Kategorie &#8222;Best Holds&#8220; f\u00fcr Routensetzer unter 29 anderen Grip-Herstellermarken weltweit. Das Paket ist eine Kombination aus Klettertritten und Kletterjugs.<\/p>\n","protected":false},"excerpt":{"rendered":"<p>Ein au\u00dfergew\u00f6hnliches Set von Klettergriffen, die h\u00e4ufig bei nationalen Boulderwettbewerben verwendet werden. Die dual surface dieser Griffe hat nur eine \u00e4sthetische Funktion, die die Griffe noch besser hervorhebt. Beim Grip Showcase w\u00e4hrend der CWA-Konferenz in Salt Lake City 2022 gewann der Boulder aus dieser Reihe den 1. Platz in der Kategorie &#8222;Best Holds&#8220; f\u00fcr Routensetzer [&hellip;]<\/p>\n","protected":false},"featured_media":22309,"template":"","meta":{"_acf_changed":false,"_crdt_document":"","site-sidebar-layout":"default","site-content-layout":"default","ast-site-content-layout":"default","site-content-style":"default","site-sidebar-style":"default","ast-global-header-display":"","ast-banner-title-visibility":"","ast-main-header-display":"","ast-hfb-above-header-display":"","ast-hfb-below-header-display":"","ast-hfb-mobile-header-display":"","site-post-title":"","ast-breadcrumbs-content":"","ast-featured-img":"","footer-sml-layout":"","ast-disable-related-posts":"","theme-transparent-header-meta":"default","adv-header-id-meta":"","stick-header-meta":"default","header-above-stick-meta":"","header-main-stick-meta":"","header-below-stick-meta":"","astra-migrate-meta-layouts":"default","ast-page-background-enabled":"default","ast-page-background-meta":{"desktop":{"background-color":"","background-image":"","background-repeat":"repeat","background-position":"center center","background-size":"auto","background-attachment":"scroll","background-type":"","background-media":"","overlay-type":"","overlay-color":"","overlay-opacity":"","overlay-gradient":""},"tablet":{"background-color":"","background-image":"","background-repeat":"repeat","background-position":"center center","background-size":"auto","background-attachment":"scroll","background-type":"","background-media":"","overlay-type":"","overlay-color":"","overlay-opacity":"","overlay-gradient":""},"mobile":{"background-color":"","background-image":"","background-repeat":"repeat","background-position":"center center","background-size":"auto","background-attachment":"scroll","background-type":"","background-media":"","overlay-type":"","overlay-color":"","overlay-opacity":"","overlay-gradient":""}},"ast-content-background-meta":{"desktop":{"background-color":"var(--ast-global-color-5)","background-image":"","background-repeat":"repeat","background-position":"center center","background-size":"auto","background-attachment":"scroll","background-type":"","background-media":"","overlay-type":"","overlay-color":"","overlay-opacity":"","overlay-gradient":""},"tablet":{"background-color":"var(--ast-global-color-5)","background-image":"","background-repeat":"repeat","background-position":"center center","background-size":"auto","background-attachment":"scroll","background-type":"","background-media":"","overlay-type":"","overlay-color":"","overlay-opacity":"","overlay-gradient":""},"mobile":{"background-color":"var(--ast-global-color-5)","background-image":"","background-repeat":"repeat","background-position":"center center","background-size":"auto","background-attachment":"scroll","background-type":"","background-media":"","overlay-type":"","overlay-color":"","overlay-opacity":"","overlay-gradient":""}},"_joinchat":[]},"product_brand":[],"product_cat":[177],"product_tag":[576],"pack":[331],"style":[],"class_list":{"0":"post-22360","1":"product","2":"type-product","3":"status-publish","4":"has-post-thumbnail","6":"product_cat-klettergriffe","7":"product_tag-packs-de","8":"pa_color-blau-de","9":"pa_color-brown-orange-ral-8023-de","10":"pa_color-fluo-green-de","11":"pa_color-fluo-orange-ral-2005","12":"pa_color-fluo-pink-pantone-806c-de","13":"pa_color-gelb","14":"pa_color-grey-ral-7001-de","15":"pa_color-grun","16":"pa_color-light-orange-ral-2011-de","17":"pa_color-mint-green-ral-6027","18":"pa_color-rot","19":"pa_color-schwarz","20":"pa_color-violet-ral-4008-de","21":"pa_color-virgingrip-blue-ral-670-6-de","22":"pa_color-weis","23":"pa_dual-texture-ja","24":"pa_fixation-screw-on-de","25":"pa_material-eco-polyurethane-3rd-generation-de","26":"pa_size-alle","27":"pack-boulder-kit","28":"desktop-align-left","29":"tablet-align-left","30":"mobile-align-left","32":"first","33":"instock","34":"taxable","35":"shipping-taxable","36":"purchasable","37":"product-type-variable"},"acf":[],"_links":{"self":[{"href":"https:\/\/www.virgingrip.com\/de\/wp-json\/wp\/v2\/product\/22360","targetHints":{"allow":["GET"]}}],"collection":[{"href":"https:\/\/www.virgingrip.com\/de\/wp-json\/wp\/v2\/product"}],"about":[{"href":"https:\/\/www.virgingrip.com\/de\/wp-json\/wp\/v2\/types\/product"}],"wp:featuredmedia":[{"embeddable":true,"href":"https:\/\/www.virgingrip.com\/de\/wp-json\/wp\/v2\/media\/22309"}],"wp:attachment":[{"href":"https:\/\/www.virgingrip.com\/de\/wp-json\/wp\/v2\/media?parent=22360"}],"wp:term":[{"taxonomy":"product_brand","embeddable":true,"href":"https:\/\/www.virgingrip.com\/de\/wp-json\/wp\/v2\/product_brand?post=22360"},{"taxonomy":"product_cat","embeddable":true,"href":"https:\/\/www.virgingrip.com\/de\/wp-json\/wp\/v2\/product_cat?post=22360"},{"taxonomy":"product_tag","embeddable":true,"href":"https:\/\/www.virgingrip.com\/de\/wp-json\/wp\/v2\/product_tag?post=22360"},{"taxonomy":"pack","embeddable":true,"href":"https:\/\/www.virgingrip.com\/de\/wp-json\/wp\/v2\/pack?post=22360"},{"taxonomy":"style","embeddable":true,"href":"https:\/\/www.virgingrip.com\/de\/wp-json\/wp\/v2\/style?post=22360"}],"curies":[{"name":"wp","href":"https:\/\/api.w.org\/{rel}","templated":true}]}}