{"id":23325,"date":"2022-08-02T13:30:30","date_gmt":"2022-08-02T11:30:30","guid":{"rendered":"https:\/\/virgingrip.com\/?post_type=product&#038;p=23325"},"modified":"2025-07-22T11:06:23","modified_gmt":"2025-07-22T09:06:23","slug":"ouroboros","status":"publish","type":"product","link":"https:\/\/www.virgingrip.com\/de\/klettergriffe\/ouroboros\/","title":{"rendered":"Ouroboros"},"content":{"rendered":"<p>Was sagt Wikipedia? Ouroboros ist ein altes Bildsymbol einer Schlange, die sich in den eigenen Schwanz bei\u00dft und so mit ihrem K\u00f6rper einen geschlossenen Kreis bildet. Oft als Symbol der Introspektive, des st\u00e4ndigen Zur\u00fcckkehrens, vor allem im Sinne dessen, das st\u00e4ndig wieder neu entsteht, gedeutet. Dies demonstriert auch den unendlichen Zyklus des st\u00e4ndigen Schaffens und des Zerfalls der Natur, des Lebens und des Todes. Was sagt VirginGrip? Unendliche M\u00f6glichkeiten f\u00fcr Boulder oder Kletterw\u00e4nde. Mit diesem Klettergriffe-Satz habt ihr unendlich viele M\u00f6glichkeiten, die Route aus unserer Schlange in die tollsten Tropfsteinrouten zu verwandeln!<\/p>\n","protected":false},"excerpt":{"rendered":"<p>Was sagt Wikipedia? Ouroboros ist ein altes Bildsymbol einer Schlange, die sich in den eigenen Schwanz bei\u00dft und so mit ihrem K\u00f6rper einen geschlossenen Kreis bildet. Oft als Symbol der Introspektive, des st\u00e4ndigen Zur\u00fcckkehrens, vor allem im Sinne dessen, das st\u00e4ndig wieder neu entsteht, gedeutet. Dies demonstriert auch den unendlichen Zyklus des st\u00e4ndigen Schaffens und [&hellip;]<\/p>\n","protected":false},"featured_media":23337,"template":"","meta":{"_acf_changed":false,"_crdt_document":"","site-sidebar-layout":"default","site-content-layout":"default","ast-site-content-layout":"default","site-content-style":"default","site-sidebar-style":"default","ast-global-header-display":"","ast-banner-title-visibility":"","ast-main-header-display":"","ast-hfb-above-header-display":"","ast-hfb-below-header-display":"","ast-hfb-mobile-header-display":"","site-post-title":"","ast-breadcrumbs-content":"","ast-featured-img":"","footer-sml-layout":"","ast-disable-related-posts":"","theme-transparent-header-meta":"default","adv-header-id-meta":"","stick-header-meta":"default","header-above-stick-meta":"","header-main-stick-meta":"","header-below-stick-meta":"","astra-migrate-meta-layouts":"default","ast-page-background-enabled":"default","ast-page-background-meta":{"desktop":{"background-color":"","background-image":"","background-repeat":"repeat","background-position":"center center","background-size":"auto","background-attachment":"scroll","background-type":"","background-media":"","overlay-type":"","overlay-color":"","overlay-opacity":"","overlay-gradient":""},"tablet":{"background-color":"","background-image":"","background-repeat":"repeat","background-position":"center center","background-size":"auto","background-attachment":"scroll","background-type":"","background-media":"","overlay-type":"","overlay-color":"","overlay-opacity":"","overlay-gradient":""},"mobile":{"background-color":"","background-image":"","background-repeat":"repeat","background-position":"center center","background-size":"auto","background-attachment":"scroll","background-type":"","background-media":"","overlay-type":"","overlay-color":"","overlay-opacity":"","overlay-gradient":""}},"ast-content-background-meta":{"desktop":{"background-color":"var(--ast-global-color-5)","background-image":"","background-repeat":"repeat","background-position":"center center","background-size":"auto","background-attachment":"scroll","background-type":"","background-media":"","overlay-type":"","overlay-color":"","overlay-opacity":"","overlay-gradient":""},"tablet":{"background-color":"var(--ast-global-color-5)","background-image":"","background-repeat":"repeat","background-position":"center center","background-size":"auto","background-attachment":"scroll","background-type":"","background-media":"","overlay-type":"","overlay-color":"","overlay-opacity":"","overlay-gradient":""},"mobile":{"background-color":"var(--ast-global-color-5)","background-image":"","background-repeat":"repeat","background-position":"center center","background-size":"auto","background-attachment":"scroll","background-type":"","background-media":"","overlay-type":"","overlay-color":"","overlay-opacity":"","overlay-gradient":""}},"_joinchat":[]},"product_brand":[],"product_cat":[177],"product_tag":[576],"pack":[331],"style":[],"class_list":{"0":"post-23325","1":"product","2":"type-product","3":"status-publish","4":"has-post-thumbnail","6":"product_cat-klettergriffe","7":"product_tag-packs-de","8":"pa_color-blau-de","9":"pa_color-brown-orange-ral-8023-de","10":"pa_color-fluo-green-de","11":"pa_color-fluo-orange-ral-2005","12":"pa_color-fluo-pink-pantone-806c-de","13":"pa_color-gelb","14":"pa_color-grey-ral-7001-de","15":"pa_color-grun","16":"pa_color-light-orange-ral-2011-de","17":"pa_color-mint-green-ral-6027","18":"pa_color-rot","19":"pa_color-schwarz","20":"pa_color-violet-ral-4008-de","21":"pa_color-virgingrip-blue-ral-670-6-de","22":"pa_color-weis","23":"pa_dual-texture-nein","24":"pa_fixation-screw-on-de","25":"pa_material-eco-polyurethane-3rd-generation-de","26":"pa_size-s-xxl-de","27":"pa_type-of-grip-pinches-de","28":"pack-boulder-kit","29":"desktop-align-left","30":"tablet-align-left","31":"mobile-align-left","33":"first","34":"instock","35":"taxable","36":"shipping-taxable","37":"purchasable","38":"product-type-variable"},"acf":[],"_links":{"self":[{"href":"https:\/\/www.virgingrip.com\/de\/wp-json\/wp\/v2\/product\/23325","targetHints":{"allow":["GET"]}}],"collection":[{"href":"https:\/\/www.virgingrip.com\/de\/wp-json\/wp\/v2\/product"}],"about":[{"href":"https:\/\/www.virgingrip.com\/de\/wp-json\/wp\/v2\/types\/product"}],"wp:featuredmedia":[{"embeddable":true,"href":"https:\/\/www.virgingrip.com\/de\/wp-json\/wp\/v2\/media\/23337"}],"wp:attachment":[{"href":"https:\/\/www.virgingrip.com\/de\/wp-json\/wp\/v2\/media?parent=23325"}],"wp:term":[{"taxonomy":"product_brand","embeddable":true,"href":"https:\/\/www.virgingrip.com\/de\/wp-json\/wp\/v2\/product_brand?post=23325"},{"taxonomy":"product_cat","embeddable":true,"href":"https:\/\/www.virgingrip.com\/de\/wp-json\/wp\/v2\/product_cat?post=23325"},{"taxonomy":"product_tag","embeddable":true,"href":"https:\/\/www.virgingrip.com\/de\/wp-json\/wp\/v2\/product_tag?post=23325"},{"taxonomy":"pack","embeddable":true,"href":"https:\/\/www.virgingrip.com\/de\/wp-json\/wp\/v2\/pack?post=23325"},{"taxonomy":"style","embeddable":true,"href":"https:\/\/www.virgingrip.com\/de\/wp-json\/wp\/v2\/style?post=23325"}],"curies":[{"name":"wp","href":"https:\/\/api.w.org\/{rel}","templated":true}]}}