{"id":23960,"date":"2023-02-04T15:56:38","date_gmt":"2023-02-04T14:56:38","guid":{"rendered":"https:\/\/virgingrip.com\/?post_type=product&#038;p=23960"},"modified":"2025-07-22T11:03:11","modified_gmt":"2025-07-22T09:03:11","slug":"ufo-b1","status":"publish","type":"product","link":"https:\/\/www.virgingrip.com\/de\/frp-makros\/ufo-b1\/","title":{"rendered":"UFO.B1"},"content":{"rendered":"<p>Die Form des UFO #B1 entspricht deinen W\u00fcnschen beim \u00dcberh\u00e4ngen im Extremsport-Klettern sowie beim Klettern an senkrechten W\u00e4nden mit deinen Freunden &#8211; das bedeutet Spa\u00df! Sp\u00fcre die Form des UFO #B1, erlebe seine Reibung und lasse es dir ein Leben lang dienen! Das Set besteht aus 6 Kletterlaminaten in 6 Grundfarben.<\/p>\n","protected":false},"excerpt":{"rendered":"<p>Die Form des UFO #B1 entspricht deinen W\u00fcnschen beim \u00dcberh\u00e4ngen im Extremsport-Klettern sowie beim Klettern an senkrechten W\u00e4nden mit deinen Freunden &#8211; das bedeutet Spa\u00df! Sp\u00fcre die Form des UFO #B1, erlebe seine Reibung und lasse es dir ein Leben lang dienen! Das Set besteht aus 6 Kletterlaminaten in 6 Grundfarben.<\/p>\n","protected":false},"featured_media":25802,"template":"","meta":{"_acf_changed":false,"_crdt_document":"","site-sidebar-layout":"default","site-content-layout":"default","ast-site-content-layout":"default","site-content-style":"default","site-sidebar-style":"default","ast-global-header-display":"","ast-banner-title-visibility":"","ast-main-header-display":"","ast-hfb-above-header-display":"","ast-hfb-below-header-display":"","ast-hfb-mobile-header-display":"","site-post-title":"","ast-breadcrumbs-content":"","ast-featured-img":"","footer-sml-layout":"","ast-disable-related-posts":"","theme-transparent-header-meta":"default","adv-header-id-meta":"","stick-header-meta":"default","header-above-stick-meta":"","header-main-stick-meta":"","header-below-stick-meta":"","astra-migrate-meta-layouts":"default","ast-page-background-enabled":"default","ast-page-background-meta":{"desktop":{"background-color":"","background-image":"","background-repeat":"repeat","background-position":"center center","background-size":"auto","background-attachment":"scroll","background-type":"","background-media":"","overlay-type":"","overlay-color":"","overlay-opacity":"","overlay-gradient":""},"tablet":{"background-color":"","background-image":"","background-repeat":"repeat","background-position":"center center","background-size":"auto","background-attachment":"scroll","background-type":"","background-media":"","overlay-type":"","overlay-color":"","overlay-opacity":"","overlay-gradient":""},"mobile":{"background-color":"","background-image":"","background-repeat":"repeat","background-position":"center center","background-size":"auto","background-attachment":"scroll","background-type":"","background-media":"","overlay-type":"","overlay-color":"","overlay-opacity":"","overlay-gradient":""}},"ast-content-background-meta":{"desktop":{"background-color":"var(--ast-global-color-5)","background-image":"","background-repeat":"repeat","background-position":"center center","background-size":"auto","background-attachment":"scroll","background-type":"","background-media":"","overlay-type":"","overlay-color":"","overlay-opacity":"","overlay-gradient":""},"tablet":{"background-color":"var(--ast-global-color-5)","background-image":"","background-repeat":"repeat","background-position":"center center","background-size":"auto","background-attachment":"scroll","background-type":"","background-media":"","overlay-type":"","overlay-color":"","overlay-opacity":"","overlay-gradient":""},"mobile":{"background-color":"var(--ast-global-color-5)","background-image":"","background-repeat":"repeat","background-position":"center center","background-size":"auto","background-attachment":"scroll","background-type":"","background-media":"","overlay-type":"","overlay-color":"","overlay-opacity":"","overlay-gradient":""}},"_joinchat":[]},"product_brand":[],"product_cat":[532],"product_tag":[],"pack":[],"style":[512],"class_list":{"0":"post-23960","1":"product","2":"type-product","3":"status-publish","4":"has-post-thumbnail","6":"product_cat-frp-makros","7":"pa_color-blau-de","8":"pa_color-grun","9":"pa_color-mint-green-ral-6027","10":"pa_color-rot","11":"pa_color-schwarz","12":"pa_color-virgingrip-blue-ral-670-6-de","13":"pa_color-weis","14":"pa_dual-texture-ja","15":"pa_fixation-screw-on-de","16":"pa_material-fiberglass-macros-de","17":"pa_size-macro-de","18":"pa_type-of-grip-jug-de","19":"style-indoor","20":"desktop-align-left","21":"tablet-align-left","22":"mobile-align-left","24":"first","25":"instock","26":"taxable","27":"shipping-taxable","28":"purchasable","29":"product-type-variable"},"acf":[],"_links":{"self":[{"href":"https:\/\/www.virgingrip.com\/de\/wp-json\/wp\/v2\/product\/23960","targetHints":{"allow":["GET"]}}],"collection":[{"href":"https:\/\/www.virgingrip.com\/de\/wp-json\/wp\/v2\/product"}],"about":[{"href":"https:\/\/www.virgingrip.com\/de\/wp-json\/wp\/v2\/types\/product"}],"wp:featuredmedia":[{"embeddable":true,"href":"https:\/\/www.virgingrip.com\/de\/wp-json\/wp\/v2\/media\/25802"}],"wp:attachment":[{"href":"https:\/\/www.virgingrip.com\/de\/wp-json\/wp\/v2\/media?parent=23960"}],"wp:term":[{"taxonomy":"product_brand","embeddable":true,"href":"https:\/\/www.virgingrip.com\/de\/wp-json\/wp\/v2\/product_brand?post=23960"},{"taxonomy":"product_cat","embeddable":true,"href":"https:\/\/www.virgingrip.com\/de\/wp-json\/wp\/v2\/product_cat?post=23960"},{"taxonomy":"product_tag","embeddable":true,"href":"https:\/\/www.virgingrip.com\/de\/wp-json\/wp\/v2\/product_tag?post=23960"},{"taxonomy":"pack","embeddable":true,"href":"https:\/\/www.virgingrip.com\/de\/wp-json\/wp\/v2\/pack?post=23960"},{"taxonomy":"style","embeddable":true,"href":"https:\/\/www.virgingrip.com\/de\/wp-json\/wp\/v2\/style?post=23960"}],"curies":[{"name":"wp","href":"https:\/\/api.w.org\/{rel}","templated":true}]}}