{"id":25220,"date":"2023-12-15T08:24:41","date_gmt":"2023-12-15T07:24:41","guid":{"rendered":"https:\/\/virgingrip.com\/?post_type=product&#038;p=25220"},"modified":"2025-07-22T11:04:39","modified_gmt":"2025-07-22T09:04:39","slug":"ufo-d1-klettern-macro","status":"publish","type":"product","link":"https:\/\/www.virgingrip.com\/de\/frp-makros\/ufo-d1-klettern-macro\/","title":{"rendered":"UFO.D1"},"content":{"rendered":"<p>Entdecken Sie einzigartige Formen und Qualit\u00e4t mit unserer Serie von 12 St\u00fcck UFO FRP Macros! Mit dieser Serie haben wir gro\u00dfartige Kombinationen aus 4 verschiedenen Unterkategorien geschaffen, jede mit drei Formen, die nicht nur diesen Kletterelementen ein einzigartiges Aussehen verleihen, sondern auch eine perfekte Harmonie zwischen den einzelnen St\u00fccken gew\u00e4hrleisten.<br \/>\nMit FRP Macros von uns erhalten Sie nicht nur einen beeindruckenden visuellen Eindruck, sondern auch exzellenten Griff und Vielseitigkeit. Jedes St\u00fcck ist sorgf\u00e4ltig gestaltet, um sich gegenseitig zu erg\u00e4nzen und einen einzigartigen Gesamteindruck zu schaffen.<br \/>\nF\u00fcr noch mehr Vielfalt empfehlen wir, unsere Serie FRP Macros mit den Kletterpolyurethan-Greifern UFO zu kombinieren. Diese Kombination bietet Ihnen ein breites Spektrum an M\u00f6glichkeiten f\u00fcr Ihre Kletterwand. Bestellen Sie jetzt und bringen Sie eine neue Dimension des Klettererlebnisses in Ihren Raum!<\/p>\n","protected":false},"excerpt":{"rendered":"<p>Entdecken Sie einzigartige Formen und Qualit\u00e4t mit unserer Serie von 12 St\u00fcck UFO FRP Macros! Mit dieser Serie haben wir gro\u00dfartige Kombinationen aus 4 verschiedenen Unterkategorien geschaffen, jede mit drei Formen, die nicht nur diesen Kletterelementen ein einzigartiges Aussehen verleihen, sondern auch eine perfekte Harmonie zwischen den einzelnen St\u00fccken gew\u00e4hrleisten. Mit FRP Macros von uns [&hellip;]<\/p>\n","protected":false},"featured_media":25837,"template":"","meta":{"_acf_changed":false,"_crdt_document":"","site-sidebar-layout":"default","site-content-layout":"default","ast-site-content-layout":"default","site-content-style":"default","site-sidebar-style":"default","ast-global-header-display":"","ast-banner-title-visibility":"","ast-main-header-display":"","ast-hfb-above-header-display":"","ast-hfb-below-header-display":"","ast-hfb-mobile-header-display":"","site-post-title":"","ast-breadcrumbs-content":"","ast-featured-img":"","footer-sml-layout":"","ast-disable-related-posts":"","theme-transparent-header-meta":"default","adv-header-id-meta":"","stick-header-meta":"default","header-above-stick-meta":"","header-main-stick-meta":"","header-below-stick-meta":"","astra-migrate-meta-layouts":"default","ast-page-background-enabled":"default","ast-page-background-meta":{"desktop":{"background-color":"","background-image":"","background-repeat":"repeat","background-position":"center center","background-size":"auto","background-attachment":"scroll","background-type":"","background-media":"","overlay-type":"","overlay-color":"","overlay-opacity":"","overlay-gradient":""},"tablet":{"background-color":"","background-image":"","background-repeat":"repeat","background-position":"center center","background-size":"auto","background-attachment":"scroll","background-type":"","background-media":"","overlay-type":"","overlay-color":"","overlay-opacity":"","overlay-gradient":""},"mobile":{"background-color":"","background-image":"","background-repeat":"repeat","background-position":"center center","background-size":"auto","background-attachment":"scroll","background-type":"","background-media":"","overlay-type":"","overlay-color":"","overlay-opacity":"","overlay-gradient":""}},"ast-content-background-meta":{"desktop":{"background-color":"var(--ast-global-color-5)","background-image":"","background-repeat":"repeat","background-position":"center center","background-size":"auto","background-attachment":"scroll","background-type":"","background-media":"","overlay-type":"","overlay-color":"","overlay-opacity":"","overlay-gradient":""},"tablet":{"background-color":"var(--ast-global-color-5)","background-image":"","background-repeat":"repeat","background-position":"center center","background-size":"auto","background-attachment":"scroll","background-type":"","background-media":"","overlay-type":"","overlay-color":"","overlay-opacity":"","overlay-gradient":""},"mobile":{"background-color":"var(--ast-global-color-5)","background-image":"","background-repeat":"repeat","background-position":"center center","background-size":"auto","background-attachment":"scroll","background-type":"","background-media":"","overlay-type":"","overlay-color":"","overlay-opacity":"","overlay-gradient":""}},"_joinchat":[]},"product_brand":[],"product_cat":[532],"product_tag":[],"pack":[],"style":[512],"class_list":{"0":"post-25220","1":"product","2":"type-product","3":"status-publish","4":"has-post-thumbnail","6":"product_cat-frp-makros","7":"pa_color-blau-de","8":"pa_color-grun","9":"pa_color-mint-green-ral-6027","10":"pa_color-rot","11":"pa_color-schwarz","12":"pa_color-virgingrip-blue-ral-670-6-de","13":"pa_color-weis","14":"pa_dual-texture-ja","15":"pa_fixation-screw-on-de","16":"pa_material-fiberglass-macros-de","17":"pa_size-macro-de","18":"pa_type-of-grip-jug-de","19":"style-indoor","20":"desktop-align-left","21":"tablet-align-left","22":"mobile-align-left","24":"first","25":"instock","26":"taxable","27":"shipping-taxable","28":"purchasable","29":"product-type-variable"},"acf":[],"_links":{"self":[{"href":"https:\/\/www.virgingrip.com\/de\/wp-json\/wp\/v2\/product\/25220","targetHints":{"allow":["GET"]}}],"collection":[{"href":"https:\/\/www.virgingrip.com\/de\/wp-json\/wp\/v2\/product"}],"about":[{"href":"https:\/\/www.virgingrip.com\/de\/wp-json\/wp\/v2\/types\/product"}],"wp:featuredmedia":[{"embeddable":true,"href":"https:\/\/www.virgingrip.com\/de\/wp-json\/wp\/v2\/media\/25837"}],"wp:attachment":[{"href":"https:\/\/www.virgingrip.com\/de\/wp-json\/wp\/v2\/media?parent=25220"}],"wp:term":[{"taxonomy":"product_brand","embeddable":true,"href":"https:\/\/www.virgingrip.com\/de\/wp-json\/wp\/v2\/product_brand?post=25220"},{"taxonomy":"product_cat","embeddable":true,"href":"https:\/\/www.virgingrip.com\/de\/wp-json\/wp\/v2\/product_cat?post=25220"},{"taxonomy":"product_tag","embeddable":true,"href":"https:\/\/www.virgingrip.com\/de\/wp-json\/wp\/v2\/product_tag?post=25220"},{"taxonomy":"pack","embeddable":true,"href":"https:\/\/www.virgingrip.com\/de\/wp-json\/wp\/v2\/pack?post=25220"},{"taxonomy":"style","embeddable":true,"href":"https:\/\/www.virgingrip.com\/de\/wp-json\/wp\/v2\/style?post=25220"}],"curies":[{"name":"wp","href":"https:\/\/api.w.org\/{rel}","templated":true}]}}