{"id":25228,"date":"2023-12-15T08:31:36","date_gmt":"2023-12-15T07:31:36","guid":{"rendered":"https:\/\/virgingrip.com\/?post_type=product&#038;p=25228"},"modified":"2026-03-19T21:12:44","modified_gmt":"2026-03-19T20:12:44","slug":"ufo-e6-klettergriffe","status":"publish","type":"product","link":"https:\/\/www.virgingrip.com\/de\/klettergriffe\/ufo-e6-klettergriffe\/","title":{"rendered":"UFO Large Jugs"},"content":{"rendered":"<p>In unserem st\u00e4ndigen Bestreben, das perfekte Gleichgewicht zwischen Gr\u00f6\u00dfe und Preis zu finden, pr\u00e4sentieren wir 6 neue Klettergriffe aus Polyurethan aus der UFO-Serie! Diese Griffe erg\u00e4nzen hervorragend die gro\u00dfen laminierten Makros, wobei sie kompaktere Abmessungen beibehalten und gleichzeitig preislich \u00fcberzeugen. Wir empfehlen Ihnen, in die vollst\u00e4ndige Kollektion von UFO-Produkten zu bestellen, die auch diese Klettergriffe aus Polyurethan umfasst. Auf diese Weise erhalten Sie ein komplettes Set mit 18 St\u00fccken von VirginGrip, das nicht nur preislich \u00e4u\u00dferst wettbewerbsf\u00e4hig ist, sondern Kletterern auch maximale Qualit\u00e4t und Leistung bietet. Mit dieser Kollektion werden Kletterer keinen Unterschied feststellen &#8211; sie werden einfach ein perfektes Klettererlebnis genie\u00dfen! Beschr\u00e4nken Sie sich nicht und verwandeln Sie Ihre Kletterwand mit dieser exklusiven Serie!<\/p>\n","protected":false},"excerpt":{"rendered":"<p>In unserem st\u00e4ndigen Bestreben, das perfekte Gleichgewicht zwischen Gr\u00f6\u00dfe und Preis zu finden, pr\u00e4sentieren wir 6 neue Klettergriffe aus Polyurethan aus der UFO-Serie! Diese Griffe erg\u00e4nzen hervorragend die gro\u00dfen laminierten Makros, wobei sie kompaktere Abmessungen beibehalten und gleichzeitig preislich \u00fcberzeugen. Wir empfehlen Ihnen, in die vollst\u00e4ndige Kollektion von UFO-Produkten zu bestellen, die auch diese Klettergriffe [&hellip;]<\/p>\n","protected":false},"featured_media":25100,"template":"","meta":{"_acf_changed":false,"_crdt_document":"","site-sidebar-layout":"default","site-content-layout":"default","ast-site-content-layout":"default","site-content-style":"default","site-sidebar-style":"default","ast-global-header-display":"","ast-banner-title-visibility":"","ast-main-header-display":"","ast-hfb-above-header-display":"","ast-hfb-below-header-display":"","ast-hfb-mobile-header-display":"","site-post-title":"","ast-breadcrumbs-content":"","ast-featured-img":"","footer-sml-layout":"","ast-disable-related-posts":"","theme-transparent-header-meta":"default","adv-header-id-meta":"","stick-header-meta":"default","header-above-stick-meta":"","header-main-stick-meta":"","header-below-stick-meta":"","astra-migrate-meta-layouts":"default","ast-page-background-enabled":"default","ast-page-background-meta":{"desktop":{"background-color":"","background-image":"","background-repeat":"repeat","background-position":"center center","background-size":"auto","background-attachment":"scroll","background-type":"","background-media":"","overlay-type":"","overlay-color":"","overlay-opacity":"","overlay-gradient":""},"tablet":{"background-color":"","background-image":"","background-repeat":"repeat","background-position":"center center","background-size":"auto","background-attachment":"scroll","background-type":"","background-media":"","overlay-type":"","overlay-color":"","overlay-opacity":"","overlay-gradient":""},"mobile":{"background-color":"","background-image":"","background-repeat":"repeat","background-position":"center center","background-size":"auto","background-attachment":"scroll","background-type":"","background-media":"","overlay-type":"","overlay-color":"","overlay-opacity":"","overlay-gradient":""}},"ast-content-background-meta":{"desktop":{"background-color":"var(--ast-global-color-5)","background-image":"","background-repeat":"repeat","background-position":"center center","background-size":"auto","background-attachment":"scroll","background-type":"","background-media":"","overlay-type":"","overlay-color":"","overlay-opacity":"","overlay-gradient":""},"tablet":{"background-color":"var(--ast-global-color-5)","background-image":"","background-repeat":"repeat","background-position":"center center","background-size":"auto","background-attachment":"scroll","background-type":"","background-media":"","overlay-type":"","overlay-color":"","overlay-opacity":"","overlay-gradient":""},"mobile":{"background-color":"var(--ast-global-color-5)","background-image":"","background-repeat":"repeat","background-position":"center center","background-size":"auto","background-attachment":"scroll","background-type":"","background-media":"","overlay-type":"","overlay-color":"","overlay-opacity":"","overlay-gradient":""}},"_joinchat":[]},"product_brand":[],"product_cat":[713,177],"product_tag":[528],"pack":[],"style":[],"class_list":{"0":"post-25228","1":"product","2":"type-product","3":"status-publish","4":"has-post-thumbnail","6":"product_cat-wettkampflinie","7":"product_cat-klettergriffe","8":"product_tag-competition-line-de","9":"pa_color-blau-de","10":"pa_color-brown-orange-ral-8023-de","11":"pa_color-fluo-green-de","12":"pa_color-fluo-orange-ral-2005","13":"pa_color-fluo-pink-pantone-806c-de","14":"pa_color-gelb","15":"pa_color-grey-ral-7001-de","16":"pa_color-grun","17":"pa_color-light-orange-ral-2011-de","18":"pa_color-mint-green-ral-6027","19":"pa_color-rot","20":"pa_color-schwarz","21":"pa_color-violet-ral-4008-de","22":"pa_color-virgingrip-blue-ral-670-6-de","23":"pa_color-weis","24":"pa_dual-texture-ja","25":"pa_fixation-anschraubbar","26":"pa_material-eco-polyurethane-3rd-generation-de","27":"pa_size-xl-de","28":"pa_size-xxl-de-2","29":"pa_type-of-grip-slopers-de","30":"desktop-align-left","31":"tablet-align-left","32":"mobile-align-left","34":"first","35":"instock","36":"taxable","37":"shipping-taxable","38":"purchasable","39":"product-type-variable"},"acf":[],"_links":{"self":[{"href":"https:\/\/www.virgingrip.com\/de\/wp-json\/wp\/v2\/product\/25228","targetHints":{"allow":["GET"]}}],"collection":[{"href":"https:\/\/www.virgingrip.com\/de\/wp-json\/wp\/v2\/product"}],"about":[{"href":"https:\/\/www.virgingrip.com\/de\/wp-json\/wp\/v2\/types\/product"}],"wp:featuredmedia":[{"embeddable":true,"href":"https:\/\/www.virgingrip.com\/de\/wp-json\/wp\/v2\/media\/25100"}],"wp:attachment":[{"href":"https:\/\/www.virgingrip.com\/de\/wp-json\/wp\/v2\/media?parent=25228"}],"wp:term":[{"taxonomy":"product_brand","embeddable":true,"href":"https:\/\/www.virgingrip.com\/de\/wp-json\/wp\/v2\/product_brand?post=25228"},{"taxonomy":"product_cat","embeddable":true,"href":"https:\/\/www.virgingrip.com\/de\/wp-json\/wp\/v2\/product_cat?post=25228"},{"taxonomy":"product_tag","embeddable":true,"href":"https:\/\/www.virgingrip.com\/de\/wp-json\/wp\/v2\/product_tag?post=25228"},{"taxonomy":"pack","embeddable":true,"href":"https:\/\/www.virgingrip.com\/de\/wp-json\/wp\/v2\/pack?post=25228"},{"taxonomy":"style","embeddable":true,"href":"https:\/\/www.virgingrip.com\/de\/wp-json\/wp\/v2\/style?post=25228"}],"curies":[{"name":"wp","href":"https:\/\/api.w.org\/{rel}","templated":true}]}}