{"id":25286,"date":"2023-12-15T11:21:44","date_gmt":"2023-12-15T10:21:44","guid":{"rendered":"https:\/\/virgingrip.com\/?post_type=product&#038;p=25286"},"modified":"2026-03-19T21:12:24","modified_gmt":"2026-03-19T20:12:24","slug":"fighters-mini-crimps-klettergriffe","status":"publish","type":"product","link":"https:\/\/www.virgingrip.com\/de\/klettergriffe\/fighters-mini-crimps-klettergriffe\/","title":{"rendered":"Fighters MINI Crimps"},"content":{"rendered":"<p>Fantastisches Set mit 12 kleinen Klettergriffen! Diese Kletterleisten erg\u00e4nzen die Familie der Klettergriffe und der Macros Fighters perfekt durch ihre Form und ihr Design mit doppelter Textur. Sie eignen sich hervorragend als eigenst\u00e4ndiges Set kleiner Kletterleisten oder in Kombination mit den gr\u00f6\u00dferen Kletterleisten von Fighters.<\/p>\n","protected":false},"excerpt":{"rendered":"<p>Fantastisches Set mit 12 kleinen Klettergriffen! Diese Kletterleisten erg\u00e4nzen die Familie der Klettergriffe und der Macros Fighters perfekt durch ihre Form und ihr Design mit doppelter Textur. Sie eignen sich hervorragend als eigenst\u00e4ndiges Set kleiner Kletterleisten oder in Kombination mit den gr\u00f6\u00dferen Kletterleisten von Fighters.<\/p>\n","protected":false},"featured_media":25022,"template":"","meta":{"_acf_changed":false,"_crdt_document":"","site-sidebar-layout":"default","site-content-layout":"default","ast-site-content-layout":"default","site-content-style":"default","site-sidebar-style":"default","ast-global-header-display":"","ast-banner-title-visibility":"","ast-main-header-display":"","ast-hfb-above-header-display":"","ast-hfb-below-header-display":"","ast-hfb-mobile-header-display":"","site-post-title":"","ast-breadcrumbs-content":"","ast-featured-img":"","footer-sml-layout":"","ast-disable-related-posts":"","theme-transparent-header-meta":"default","adv-header-id-meta":"","stick-header-meta":"default","header-above-stick-meta":"","header-main-stick-meta":"","header-below-stick-meta":"","astra-migrate-meta-layouts":"default","ast-page-background-enabled":"default","ast-page-background-meta":{"desktop":{"background-color":"","background-image":"","background-repeat":"repeat","background-position":"center center","background-size":"auto","background-attachment":"scroll","background-type":"","background-media":"","overlay-type":"","overlay-color":"","overlay-opacity":"","overlay-gradient":""},"tablet":{"background-color":"","background-image":"","background-repeat":"repeat","background-position":"center center","background-size":"auto","background-attachment":"scroll","background-type":"","background-media":"","overlay-type":"","overlay-color":"","overlay-opacity":"","overlay-gradient":""},"mobile":{"background-color":"","background-image":"","background-repeat":"repeat","background-position":"center center","background-size":"auto","background-attachment":"scroll","background-type":"","background-media":"","overlay-type":"","overlay-color":"","overlay-opacity":"","overlay-gradient":""}},"ast-content-background-meta":{"desktop":{"background-color":"var(--ast-global-color-5)","background-image":"","background-repeat":"repeat","background-position":"center center","background-size":"auto","background-attachment":"scroll","background-type":"","background-media":"","overlay-type":"","overlay-color":"","overlay-opacity":"","overlay-gradient":""},"tablet":{"background-color":"var(--ast-global-color-5)","background-image":"","background-repeat":"repeat","background-position":"center center","background-size":"auto","background-attachment":"scroll","background-type":"","background-media":"","overlay-type":"","overlay-color":"","overlay-opacity":"","overlay-gradient":""},"mobile":{"background-color":"var(--ast-global-color-5)","background-image":"","background-repeat":"repeat","background-position":"center center","background-size":"auto","background-attachment":"scroll","background-type":"","background-media":"","overlay-type":"","overlay-color":"","overlay-opacity":"","overlay-gradient":""}},"_joinchat":[]},"product_brand":[],"product_cat":[713,177],"product_tag":[528],"pack":[],"style":[],"class_list":{"0":"post-25286","1":"product","2":"type-product","3":"status-publish","4":"has-post-thumbnail","6":"product_cat-wettkampflinie","7":"product_cat-klettergriffe","8":"product_tag-competition-line-de","9":"pa_color-blau-de","10":"pa_color-brown-orange-ral-8023-de","11":"pa_color-fluo-green-de","12":"pa_color-fluo-orange-ral-2005","13":"pa_color-fluo-pink-pantone-806c-de","14":"pa_color-gelb","15":"pa_color-grey-ral-7001-de","16":"pa_color-grun","17":"pa_color-light-orange-ral-2011-de","18":"pa_color-mint-green-ral-6027","19":"pa_color-rot","20":"pa_color-schwarz","21":"pa_color-violet-ral-4008-de","22":"pa_color-virgingrip-blue-ral-670-6-de","23":"pa_color-weis","24":"pa_dual-texture-ja","25":"pa_fixation-screw-on-de","26":"pa_material-eco-polyurethane-3rd-generation-de","27":"pa_size-m-de","28":"pa_size-s-de","29":"pa_size-xs-de","30":"pa_type-of-grip-crimps-de","31":"desktop-align-left","32":"tablet-align-left","33":"mobile-align-left","35":"first","36":"instock","37":"taxable","38":"shipping-taxable","39":"purchasable","40":"product-type-variable"},"acf":[],"_links":{"self":[{"href":"https:\/\/www.virgingrip.com\/de\/wp-json\/wp\/v2\/product\/25286","targetHints":{"allow":["GET"]}}],"collection":[{"href":"https:\/\/www.virgingrip.com\/de\/wp-json\/wp\/v2\/product"}],"about":[{"href":"https:\/\/www.virgingrip.com\/de\/wp-json\/wp\/v2\/types\/product"}],"wp:featuredmedia":[{"embeddable":true,"href":"https:\/\/www.virgingrip.com\/de\/wp-json\/wp\/v2\/media\/25022"}],"wp:attachment":[{"href":"https:\/\/www.virgingrip.com\/de\/wp-json\/wp\/v2\/media?parent=25286"}],"wp:term":[{"taxonomy":"product_brand","embeddable":true,"href":"https:\/\/www.virgingrip.com\/de\/wp-json\/wp\/v2\/product_brand?post=25286"},{"taxonomy":"product_cat","embeddable":true,"href":"https:\/\/www.virgingrip.com\/de\/wp-json\/wp\/v2\/product_cat?post=25286"},{"taxonomy":"product_tag","embeddable":true,"href":"https:\/\/www.virgingrip.com\/de\/wp-json\/wp\/v2\/product_tag?post=25286"},{"taxonomy":"pack","embeddable":true,"href":"https:\/\/www.virgingrip.com\/de\/wp-json\/wp\/v2\/pack?post=25286"},{"taxonomy":"style","embeddable":true,"href":"https:\/\/www.virgingrip.com\/de\/wp-json\/wp\/v2\/style?post=25286"}],"curies":[{"name":"wp","href":"https:\/\/api.w.org\/{rel}","templated":true}]}}