{"id":25962,"date":"2024-06-27T14:31:08","date_gmt":"2024-06-27T12:31:08","guid":{"rendered":"https:\/\/www.virgingrip.com\/?post_type=product&#038;p=25962"},"modified":"2026-03-20T08:35:19","modified_gmt":"2026-03-20T07:35:19","slug":"lagunas-large-i-kopirovat","status":"publish","type":"product","link":"https:\/\/www.virgingrip.com\/de\/klettergriffe\/lagunas-large-i-kopirovat\/","title":{"rendered":"Lagunas Jugs"},"content":{"rendered":"<p>Wir pr\u00e4sentieren Ihnen unsere neue Reihe von Laguna-Klettergriffen, die an die erfolgreiche Serie mit demselben Namen ankn\u00fcpft. Insgesamt umfasst die Laguna-Serie 55 Klettergriffe, ist sehr preiswert und ideal f\u00fcr Seilrouten. Dieses spezielle Set enth\u00e4lt 10 positive Jugs.<\/p>\n<p>Wir empfehlen, in die komplette Laguna-Reihe zu investieren, einschlie\u00dflich der neuen gro\u00dfen Klettergriffe Laguna Pinches XL und Laguna Macro aus unserem umweltfreundlichen Polyurethan.<\/p>\n","protected":false},"excerpt":{"rendered":"<p>Wir pr\u00e4sentieren Ihnen unsere neue Reihe von Laguna-Klettergriffen, die an die erfolgreiche Serie mit demselben Namen ankn\u00fcpft. Insgesamt umfasst die Laguna-Serie 55 Klettergriffe, ist sehr preiswert und ideal f\u00fcr Seilrouten. Dieses spezielle Set enth\u00e4lt 10 positive Jugs. Wir empfehlen, in die komplette Laguna-Reihe zu investieren, einschlie\u00dflich der neuen gro\u00dfen Klettergriffe Laguna Pinches XL und Laguna [&hellip;]<\/p>\n","protected":false},"featured_media":25893,"template":"","meta":{"_acf_changed":false,"_crdt_document":"","site-sidebar-layout":"default","site-content-layout":"default","ast-site-content-layout":"default","site-content-style":"default","site-sidebar-style":"default","ast-global-header-display":"","ast-banner-title-visibility":"","ast-main-header-display":"","ast-hfb-above-header-display":"","ast-hfb-below-header-display":"","ast-hfb-mobile-header-display":"","site-post-title":"","ast-breadcrumbs-content":"","ast-featured-img":"","footer-sml-layout":"","ast-disable-related-posts":"","theme-transparent-header-meta":"default","adv-header-id-meta":"","stick-header-meta":"default","header-above-stick-meta":"","header-main-stick-meta":"","header-below-stick-meta":"","astra-migrate-meta-layouts":"default","ast-page-background-enabled":"default","ast-page-background-meta":{"desktop":{"background-color":"","background-image":"","background-repeat":"repeat","background-position":"center center","background-size":"auto","background-attachment":"scroll","background-type":"","background-media":"","overlay-type":"","overlay-color":"","overlay-opacity":"","overlay-gradient":""},"tablet":{"background-color":"","background-image":"","background-repeat":"repeat","background-position":"center center","background-size":"auto","background-attachment":"scroll","background-type":"","background-media":"","overlay-type":"","overlay-color":"","overlay-opacity":"","overlay-gradient":""},"mobile":{"background-color":"","background-image":"","background-repeat":"repeat","background-position":"center center","background-size":"auto","background-attachment":"scroll","background-type":"","background-media":"","overlay-type":"","overlay-color":"","overlay-opacity":"","overlay-gradient":""}},"ast-content-background-meta":{"desktop":{"background-color":"var(--ast-global-color-5)","background-image":"","background-repeat":"repeat","background-position":"center center","background-size":"auto","background-attachment":"scroll","background-type":"","background-media":"","overlay-type":"","overlay-color":"","overlay-opacity":"","overlay-gradient":""},"tablet":{"background-color":"var(--ast-global-color-5)","background-image":"","background-repeat":"repeat","background-position":"center center","background-size":"auto","background-attachment":"scroll","background-type":"","background-media":"","overlay-type":"","overlay-color":"","overlay-opacity":"","overlay-gradient":""},"mobile":{"background-color":"var(--ast-global-color-5)","background-image":"","background-repeat":"repeat","background-position":"center center","background-size":"auto","background-attachment":"scroll","background-type":"","background-media":"","overlay-type":"","overlay-color":"","overlay-opacity":"","overlay-gradient":""}},"_joinchat":[]},"product_brand":[],"product_cat":[177,716],"product_tag":[523],"pack":[],"style":[497],"class_list":{"0":"post-25962","1":"product","2":"type-product","3":"status-publish","4":"has-post-thumbnail","6":"product_cat-klettergriffe","7":"product_cat-basic-line","8":"product_tag-basic-line-de","9":"pa_color-blau-de","10":"pa_color-brown-orange-ral-8023-de","11":"pa_color-fluo-green-de","12":"pa_color-fluo-orange-ral-2005","13":"pa_color-fluo-pink-pantone-806c-de","14":"pa_color-gelb","15":"pa_color-grey-ral-7001-de","16":"pa_color-grun","17":"pa_color-light-orange-ral-2011-de","18":"pa_color-mint-green-ral-6027","19":"pa_color-rot","20":"pa_color-schwarz","21":"pa_color-violet-ral-4008-de","22":"pa_color-virgingrip-blue-ral-670-6-de","23":"pa_color-weis","24":"pa_dual-texture-nein","25":"pa_fixation-anschraubbar","26":"pa_material-eco-polyurethane-3rd-generation-de","27":"pa_size-l-de","28":"pa_type-of-grip-jug-de","29":"style-basic-style","30":"desktop-align-left","31":"tablet-align-left","32":"mobile-align-left","34":"first","35":"instock","36":"taxable","37":"shipping-taxable","38":"purchasable","39":"product-type-variable"},"acf":[],"_links":{"self":[{"href":"https:\/\/www.virgingrip.com\/de\/wp-json\/wp\/v2\/product\/25962","targetHints":{"allow":["GET"]}}],"collection":[{"href":"https:\/\/www.virgingrip.com\/de\/wp-json\/wp\/v2\/product"}],"about":[{"href":"https:\/\/www.virgingrip.com\/de\/wp-json\/wp\/v2\/types\/product"}],"wp:featuredmedia":[{"embeddable":true,"href":"https:\/\/www.virgingrip.com\/de\/wp-json\/wp\/v2\/media\/25893"}],"wp:attachment":[{"href":"https:\/\/www.virgingrip.com\/de\/wp-json\/wp\/v2\/media?parent=25962"}],"wp:term":[{"taxonomy":"product_brand","embeddable":true,"href":"https:\/\/www.virgingrip.com\/de\/wp-json\/wp\/v2\/product_brand?post=25962"},{"taxonomy":"product_cat","embeddable":true,"href":"https:\/\/www.virgingrip.com\/de\/wp-json\/wp\/v2\/product_cat?post=25962"},{"taxonomy":"product_tag","embeddable":true,"href":"https:\/\/www.virgingrip.com\/de\/wp-json\/wp\/v2\/product_tag?post=25962"},{"taxonomy":"pack","embeddable":true,"href":"https:\/\/www.virgingrip.com\/de\/wp-json\/wp\/v2\/pack?post=25962"},{"taxonomy":"style","embeddable":true,"href":"https:\/\/www.virgingrip.com\/de\/wp-json\/wp\/v2\/style?post=25962"}],"curies":[{"name":"wp","href":"https:\/\/api.w.org\/{rel}","templated":true}]}}