{"id":26043,"date":"2024-08-02T15:33:42","date_gmt":"2024-08-02T13:33:42","guid":{"rendered":"https:\/\/www.virgingrip.com\/?post_type=product&#038;p=26043"},"modified":"2025-07-22T11:03:02","modified_gmt":"2025-07-22T09:03:02","slug":"fighters-volumengriffe-satz-2","status":"publish","type":"product","link":"https:\/\/www.virgingrip.com\/de\/frp-makros\/fighters-volumengriffe-satz-2\/","title":{"rendered":"Fighters No Texture SPACE Edition"},"content":{"rendered":"<p>Manchmal kann selbst eine kleine Idee zu etwas Gro\u00dfem werden, und in unserem Fall ist es eine sehr mutige neue Serie von Griffen \u2013 Fighters Space Edition \u2013 No Texture. Dual-Tex Fighters ist unsere etablierte Satz von FRP-Makrogriffen, aus der wir eine No-Texture-Edition geschaffen haben. Die Fighters Space Edition kann somit dazu dienen, Routen oder Boulder sowohl aus \u00e4sthetischer als auch aus bewegungstechnischer Sicht zu verbessern.<\/p>\n<p>Diese Kollektion umfasst alle 12 einzigartigen St\u00fccke, und der unten angegebene Preis ist f\u00fcr die komplette Serie von 12 St\u00fcck G\u00dcLTIG! Die beigef\u00fcgten Fotos zeigen einige der Grundformen, die Teil dieser einzigartigen Kollektion sind. <\/p>\n","protected":false},"excerpt":{"rendered":"<p>Manchmal kann selbst eine kleine Idee zu etwas Gro\u00dfem werden, und in unserem Fall ist es eine sehr mutige neue Serie von Griffen \u2013 Fighters Space Edition \u2013 No Texture. Dual-Tex Fighters ist unsere etablierte Satz von FRP-Makrogriffen, aus der wir eine No-Texture-Edition geschaffen haben. Die Fighters Space Edition kann somit dazu dienen, Routen oder [&hellip;]<\/p>\n","protected":false},"featured_media":26089,"template":"","meta":{"_acf_changed":false,"_crdt_document":"","site-sidebar-layout":"default","site-content-layout":"default","ast-site-content-layout":"default","site-content-style":"default","site-sidebar-style":"default","ast-global-header-display":"","ast-banner-title-visibility":"","ast-main-header-display":"","ast-hfb-above-header-display":"","ast-hfb-below-header-display":"","ast-hfb-mobile-header-display":"","site-post-title":"","ast-breadcrumbs-content":"","ast-featured-img":"","footer-sml-layout":"","ast-disable-related-posts":"","theme-transparent-header-meta":"default","adv-header-id-meta":"","stick-header-meta":"default","header-above-stick-meta":"","header-main-stick-meta":"","header-below-stick-meta":"","astra-migrate-meta-layouts":"set","ast-page-background-enabled":"default","ast-page-background-meta":{"desktop":{"background-color":"","background-image":"","background-repeat":"repeat","background-position":"center center","background-size":"auto","background-attachment":"scroll","background-type":"","background-media":"","overlay-type":"","overlay-color":"","overlay-opacity":"","overlay-gradient":""},"tablet":{"background-color":"","background-image":"","background-repeat":"repeat","background-position":"center center","background-size":"auto","background-attachment":"scroll","background-type":"","background-media":"","overlay-type":"","overlay-color":"","overlay-opacity":"","overlay-gradient":""},"mobile":{"background-color":"","background-image":"","background-repeat":"repeat","background-position":"center center","background-size":"auto","background-attachment":"scroll","background-type":"","background-media":"","overlay-type":"","overlay-color":"","overlay-opacity":"","overlay-gradient":""}},"ast-content-background-meta":{"desktop":{"background-color":"var(--ast-global-color-5)","background-image":"","background-repeat":"repeat","background-position":"center center","background-size":"auto","background-attachment":"scroll","background-type":"","background-media":"","overlay-type":"","overlay-color":"","overlay-opacity":"","overlay-gradient":""},"tablet":{"background-color":"var(--ast-global-color-5)","background-image":"","background-repeat":"repeat","background-position":"center center","background-size":"auto","background-attachment":"scroll","background-type":"","background-media":"","overlay-type":"","overlay-color":"","overlay-opacity":"","overlay-gradient":""},"mobile":{"background-color":"var(--ast-global-color-5)","background-image":"","background-repeat":"repeat","background-position":"center center","background-size":"auto","background-attachment":"scroll","background-type":"","background-media":"","overlay-type":"","overlay-color":"","overlay-opacity":"","overlay-gradient":""}},"_joinchat":[]},"product_brand":[],"product_cat":[532],"product_tag":[],"pack":[],"style":[512],"class_list":{"0":"post-26043","1":"product","2":"type-product","3":"status-publish","4":"has-post-thumbnail","6":"product_cat-frp-makros","7":"pa_color-space-edition-de","8":"pa_dual-texture-no-texture-de","9":"pa_fixation-screw-on-de","10":"pa_material-glasfaserverstarkter-epoxidkunststoff-frp","11":"pa_size-macro-de","12":"pa_type-of-grip-jug-de","13":"pa_type-of-grip-slopers-de","14":"style-indoor","15":"desktop-align-left","16":"tablet-align-left","17":"mobile-align-left","19":"first","20":"instock","21":"taxable","22":"shipping-taxable","23":"purchasable","24":"product-type-variable"},"acf":[],"_links":{"self":[{"href":"https:\/\/www.virgingrip.com\/de\/wp-json\/wp\/v2\/product\/26043","targetHints":{"allow":["GET"]}}],"collection":[{"href":"https:\/\/www.virgingrip.com\/de\/wp-json\/wp\/v2\/product"}],"about":[{"href":"https:\/\/www.virgingrip.com\/de\/wp-json\/wp\/v2\/types\/product"}],"wp:featuredmedia":[{"embeddable":true,"href":"https:\/\/www.virgingrip.com\/de\/wp-json\/wp\/v2\/media\/26089"}],"wp:attachment":[{"href":"https:\/\/www.virgingrip.com\/de\/wp-json\/wp\/v2\/media?parent=26043"}],"wp:term":[{"taxonomy":"product_brand","embeddable":true,"href":"https:\/\/www.virgingrip.com\/de\/wp-json\/wp\/v2\/product_brand?post=26043"},{"taxonomy":"product_cat","embeddable":true,"href":"https:\/\/www.virgingrip.com\/de\/wp-json\/wp\/v2\/product_cat?post=26043"},{"taxonomy":"product_tag","embeddable":true,"href":"https:\/\/www.virgingrip.com\/de\/wp-json\/wp\/v2\/product_tag?post=26043"},{"taxonomy":"pack","embeddable":true,"href":"https:\/\/www.virgingrip.com\/de\/wp-json\/wp\/v2\/pack?post=26043"},{"taxonomy":"style","embeddable":true,"href":"https:\/\/www.virgingrip.com\/de\/wp-json\/wp\/v2\/style?post=26043"}],"curies":[{"name":"wp","href":"https:\/\/api.w.org\/{rel}","templated":true}]}}