{"id":26179,"date":"2024-10-17T10:50:59","date_gmt":"2024-10-17T08:50:59","guid":{"rendered":"https:\/\/www.virgingrip.com\/?post_type=product&#038;p=26179"},"modified":"2026-03-20T08:35:21","modified_gmt":"2026-03-20T07:35:21","slug":"lagunas-pinches-klettergriffe","status":"publish","type":"product","link":"https:\/\/www.virgingrip.com\/de\/klettergriffe\/lagunas-pinches-klettergriffe\/","title":{"rendered":"Lagunas Pinches XL"},"content":{"rendered":"<p>Diese Serie von gro\u00dfen Klettergriffen (XL) erg\u00e4nzt das Laguna-Komplettset, das in erster Linie f\u00fcr Leadrouten entwickelt wurde. Wir sind jedoch der Meinung, dass diese Griffe nicht nur perfekt zur Verbesserung von Vorstiegsrouten geeignet sind, sondern insbesondere zum Erstellen von Boulderproblemen. Und mit der Erg\u00e4nzung des Laguna Macro \u2013 was will man mehr?! Insgesamt umfasst die Laguna-Serie 55 Klettergriffe.<\/p>\n","protected":false},"excerpt":{"rendered":"<p>Diese Serie von gro\u00dfen Klettergriffen (XL) erg\u00e4nzt das Laguna-Komplettset, das in erster Linie f\u00fcr Leadrouten entwickelt wurde. Wir sind jedoch der Meinung, dass diese Griffe nicht nur perfekt zur Verbesserung von Vorstiegsrouten geeignet sind, sondern insbesondere zum Erstellen von Boulderproblemen. Und mit der Erg\u00e4nzung des Laguna Macro \u2013 was will man mehr?! Insgesamt umfasst die [&hellip;]<\/p>\n","protected":false},"featured_media":26185,"template":"","meta":{"_acf_changed":false,"_crdt_document":"","site-sidebar-layout":"default","site-content-layout":"default","ast-site-content-layout":"default","site-content-style":"default","site-sidebar-style":"default","ast-global-header-display":"","ast-banner-title-visibility":"","ast-main-header-display":"","ast-hfb-above-header-display":"","ast-hfb-below-header-display":"","ast-hfb-mobile-header-display":"","site-post-title":"","ast-breadcrumbs-content":"","ast-featured-img":"","footer-sml-layout":"","ast-disable-related-posts":"","theme-transparent-header-meta":"default","adv-header-id-meta":"","stick-header-meta":"default","header-above-stick-meta":"","header-main-stick-meta":"","header-below-stick-meta":"","astra-migrate-meta-layouts":"set","ast-page-background-enabled":"default","ast-page-background-meta":{"desktop":{"background-color":"","background-image":"","background-repeat":"repeat","background-position":"center center","background-size":"auto","background-attachment":"scroll","background-type":"","background-media":"","overlay-type":"","overlay-color":"","overlay-opacity":"","overlay-gradient":""},"tablet":{"background-color":"","background-image":"","background-repeat":"repeat","background-position":"center center","background-size":"auto","background-attachment":"scroll","background-type":"","background-media":"","overlay-type":"","overlay-color":"","overlay-opacity":"","overlay-gradient":""},"mobile":{"background-color":"","background-image":"","background-repeat":"repeat","background-position":"center center","background-size":"auto","background-attachment":"scroll","background-type":"","background-media":"","overlay-type":"","overlay-color":"","overlay-opacity":"","overlay-gradient":""}},"ast-content-background-meta":{"desktop":{"background-color":"var(--ast-global-color-5)","background-image":"","background-repeat":"repeat","background-position":"center center","background-size":"auto","background-attachment":"scroll","background-type":"","background-media":"","overlay-type":"","overlay-color":"","overlay-opacity":"","overlay-gradient":""},"tablet":{"background-color":"var(--ast-global-color-5)","background-image":"","background-repeat":"repeat","background-position":"center center","background-size":"auto","background-attachment":"scroll","background-type":"","background-media":"","overlay-type":"","overlay-color":"","overlay-opacity":"","overlay-gradient":""},"mobile":{"background-color":"var(--ast-global-color-5)","background-image":"","background-repeat":"repeat","background-position":"center center","background-size":"auto","background-attachment":"scroll","background-type":"","background-media":"","overlay-type":"","overlay-color":"","overlay-opacity":"","overlay-gradient":""}},"_joinchat":[]},"product_brand":[],"product_cat":[716,177],"product_tag":[523],"pack":[],"style":[497],"class_list":{"0":"post-26179","1":"product","2":"type-product","3":"status-publish","4":"has-post-thumbnail","6":"product_cat-basic-line","7":"product_cat-klettergriffe","8":"product_tag-basic-line-de","9":"pa_color-blau-de","10":"pa_color-brown-orange-ral-8023-de","11":"pa_color-fluo-green-de","12":"pa_color-fluo-orange-ral-2005","13":"pa_color-fluo-pink-pantone-806c-de","14":"pa_color-gelb","15":"pa_color-grey-ral-7001-de","16":"pa_color-grun","17":"pa_color-light-orange-ral-2011-de","18":"pa_color-mint-green-ral-6027","19":"pa_color-rot","20":"pa_color-schwarz","21":"pa_color-violet-ral-4008-de","22":"pa_color-virgingrip-blue-ral-670-6-de","23":"pa_color-weis","24":"pa_dual-texture-nein","25":"pa_fixation-anschraubbar","26":"pa_fixation-screw-on-de","27":"pa_material-eco-polyurethane-3rd-generation-de","28":"pa_size-xl-de","29":"pa_type-of-grip-pinches-de","30":"style-basic-style","31":"desktop-align-left","32":"tablet-align-left","33":"mobile-align-left","35":"first","36":"instock","37":"taxable","38":"shipping-taxable","39":"purchasable","40":"product-type-variable"},"acf":[],"_links":{"self":[{"href":"https:\/\/www.virgingrip.com\/de\/wp-json\/wp\/v2\/product\/26179","targetHints":{"allow":["GET"]}}],"collection":[{"href":"https:\/\/www.virgingrip.com\/de\/wp-json\/wp\/v2\/product"}],"about":[{"href":"https:\/\/www.virgingrip.com\/de\/wp-json\/wp\/v2\/types\/product"}],"wp:featuredmedia":[{"embeddable":true,"href":"https:\/\/www.virgingrip.com\/de\/wp-json\/wp\/v2\/media\/26185"}],"wp:attachment":[{"href":"https:\/\/www.virgingrip.com\/de\/wp-json\/wp\/v2\/media?parent=26179"}],"wp:term":[{"taxonomy":"product_brand","embeddable":true,"href":"https:\/\/www.virgingrip.com\/de\/wp-json\/wp\/v2\/product_brand?post=26179"},{"taxonomy":"product_cat","embeddable":true,"href":"https:\/\/www.virgingrip.com\/de\/wp-json\/wp\/v2\/product_cat?post=26179"},{"taxonomy":"product_tag","embeddable":true,"href":"https:\/\/www.virgingrip.com\/de\/wp-json\/wp\/v2\/product_tag?post=26179"},{"taxonomy":"pack","embeddable":true,"href":"https:\/\/www.virgingrip.com\/de\/wp-json\/wp\/v2\/pack?post=26179"},{"taxonomy":"style","embeddable":true,"href":"https:\/\/www.virgingrip.com\/de\/wp-json\/wp\/v2\/style?post=26179"}],"curies":[{"name":"wp","href":"https:\/\/api.w.org\/{rel}","templated":true}]}}