{"id":27085,"date":"2025-12-03T12:14:52","date_gmt":"2025-12-03T11:14:52","guid":{"rendered":"https:\/\/www.virgingrip.com\/?post_type=product&#038;p=27085"},"modified":"2026-03-19T21:12:20","modified_gmt":"2026-03-19T20:12:20","slug":"falcons-plates-pu-macros-kopirovat","status":"publish","type":"product","link":"https:\/\/www.virgingrip.com\/de\/klettergriffe\/falcons-plates-pu-macros-kopirovat\/","title":{"rendered":"Falcons complete set"},"content":{"rendered":"<p>Die Falcons Serie pr\u00e4sentiert eine komplett neue Kollektion aus 81 Klettergriffen, die alle Gr\u00f6\u00dfenklassen abdeckt \u2013 von Tritten bis hin zu XXXL-Macro-Formen. Dieses umfassende Set bietet maximale Flexibilit\u00e4t beim Routenbau und kombiniert Pr\u00e4zision, Ergonomie und modernes Design. Perfekt geeignet f\u00fcr Boulder-Routen ebenso wie f\u00fcr Lead-Routen, er\u00f6ffnet die Falcons Serie unbegrenzte M\u00f6glichkeiten f\u00fcr kreative Bewegungen sowie dynamisches oder technisch anspruchsvolles Klettern an jeder Wand.<\/p>\n","protected":false},"excerpt":{"rendered":"<p>Die Falcons Serie pr\u00e4sentiert eine komplett neue Kollektion aus 81 Klettergriffen, die alle Gr\u00f6\u00dfenklassen abdeckt \u2013 von Tritten bis hin zu XXXL-Macro-Formen. Dieses umfassende Set bietet maximale Flexibilit\u00e4t beim Routenbau und kombiniert Pr\u00e4zision, Ergonomie und modernes Design. Perfekt geeignet f\u00fcr Boulder-Routen ebenso wie f\u00fcr Lead-Routen, er\u00f6ffnet die Falcons Serie unbegrenzte M\u00f6glichkeiten f\u00fcr kreative Bewegungen sowie [&hellip;]<\/p>\n","protected":false},"featured_media":27092,"template":"","meta":{"_acf_changed":false,"_crdt_document":"","site-sidebar-layout":"default","site-content-layout":"default","ast-site-content-layout":"default","site-content-style":"default","site-sidebar-style":"default","ast-global-header-display":"","ast-banner-title-visibility":"","ast-main-header-display":"","ast-hfb-above-header-display":"","ast-hfb-below-header-display":"","ast-hfb-mobile-header-display":"","site-post-title":"","ast-breadcrumbs-content":"","ast-featured-img":"","footer-sml-layout":"","ast-disable-related-posts":"","theme-transparent-header-meta":"default","adv-header-id-meta":"","stick-header-meta":"default","header-above-stick-meta":"","header-main-stick-meta":"","header-below-stick-meta":"","astra-migrate-meta-layouts":"set","ast-page-background-enabled":"default","ast-page-background-meta":{"desktop":{"background-color":"","background-image":"","background-repeat":"repeat","background-position":"center center","background-size":"auto","background-attachment":"scroll","background-type":"","background-media":"","overlay-type":"","overlay-color":"","overlay-opacity":"","overlay-gradient":""},"tablet":{"background-color":"","background-image":"","background-repeat":"repeat","background-position":"center center","background-size":"auto","background-attachment":"scroll","background-type":"","background-media":"","overlay-type":"","overlay-color":"","overlay-opacity":"","overlay-gradient":""},"mobile":{"background-color":"","background-image":"","background-repeat":"repeat","background-position":"center center","background-size":"auto","background-attachment":"scroll","background-type":"","background-media":"","overlay-type":"","overlay-color":"","overlay-opacity":"","overlay-gradient":""}},"ast-content-background-meta":{"desktop":{"background-color":"var(--ast-global-color-5)","background-image":"","background-repeat":"repeat","background-position":"center center","background-size":"auto","background-attachment":"scroll","background-type":"","background-media":"","overlay-type":"","overlay-color":"","overlay-opacity":"","overlay-gradient":""},"tablet":{"background-color":"var(--ast-global-color-5)","background-image":"","background-repeat":"repeat","background-position":"center center","background-size":"auto","background-attachment":"scroll","background-type":"","background-media":"","overlay-type":"","overlay-color":"","overlay-opacity":"","overlay-gradient":""},"mobile":{"background-color":"var(--ast-global-color-5)","background-image":"","background-repeat":"repeat","background-position":"center center","background-size":"auto","background-attachment":"scroll","background-type":"","background-media":"","overlay-type":"","overlay-color":"","overlay-opacity":"","overlay-gradient":""}},"_joinchat":[]},"product_brand":[],"product_cat":[177,713],"product_tag":[528,593],"pack":[],"style":[],"class_list":{"0":"post-27085","1":"product","2":"type-product","3":"status-publish","4":"has-post-thumbnail","6":"product_cat-klettergriffe","7":"product_cat-wettkampflinie","8":"product_tag-competition-line-de","9":"product_tag-new_product-de","10":"pa_color-blau-de","11":"pa_color-brown-orange-ral-8023-de","12":"pa_color-fluo-green-de","13":"pa_color-fluo-orange-ral-2005","14":"pa_color-fluo-pink-pantone-806c-de","15":"pa_color-gelb","16":"pa_color-grey-ral-7001-de","17":"pa_color-grun","18":"pa_color-light-orange-ral-2011-de","19":"pa_color-mint-green-ral-6027","20":"pa_color-rot","21":"pa_color-schwarz","22":"pa_color-violet-ral-4008-de","23":"pa_color-virgingrip-blue-ral-670-6-de","24":"pa_color-weis","25":"pa_dual-texture-ja","26":"pa_fixation-kombiniert","27":"pa_material-eco-polyurethane-3rd-generation-de","28":"pa_size-macro-de","29":"pa_size-s-xxl-de","30":"pa_type-of-grip-all","31":"desktop-align-left","32":"tablet-align-left","33":"mobile-align-left","35":"first","36":"instock","37":"taxable","38":"shipping-taxable","39":"purchasable","40":"product-type-variable"},"acf":[],"_links":{"self":[{"href":"https:\/\/www.virgingrip.com\/de\/wp-json\/wp\/v2\/product\/27085","targetHints":{"allow":["GET"]}}],"collection":[{"href":"https:\/\/www.virgingrip.com\/de\/wp-json\/wp\/v2\/product"}],"about":[{"href":"https:\/\/www.virgingrip.com\/de\/wp-json\/wp\/v2\/types\/product"}],"wp:featuredmedia":[{"embeddable":true,"href":"https:\/\/www.virgingrip.com\/de\/wp-json\/wp\/v2\/media\/27092"}],"wp:attachment":[{"href":"https:\/\/www.virgingrip.com\/de\/wp-json\/wp\/v2\/media?parent=27085"}],"wp:term":[{"taxonomy":"product_brand","embeddable":true,"href":"https:\/\/www.virgingrip.com\/de\/wp-json\/wp\/v2\/product_brand?post=27085"},{"taxonomy":"product_cat","embeddable":true,"href":"https:\/\/www.virgingrip.com\/de\/wp-json\/wp\/v2\/product_cat?post=27085"},{"taxonomy":"product_tag","embeddable":true,"href":"https:\/\/www.virgingrip.com\/de\/wp-json\/wp\/v2\/product_tag?post=27085"},{"taxonomy":"pack","embeddable":true,"href":"https:\/\/www.virgingrip.com\/de\/wp-json\/wp\/v2\/pack?post=27085"},{"taxonomy":"style","embeddable":true,"href":"https:\/\/www.virgingrip.com\/de\/wp-json\/wp\/v2\/style?post=27085"}],"curies":[{"name":"wp","href":"https:\/\/api.w.org\/{rel}","templated":true}]}}