{"id":27449,"date":"2026-04-21T14:47:20","date_gmt":"2026-04-21T12:47:20","guid":{"rendered":"https:\/\/www.virgingrip.com\/?post_type=product&#038;p=27449"},"modified":"2026-04-23T18:16:12","modified_gmt":"2026-04-23T16:16:12","slug":"falcons-footholds-kopirovat-kopirovat","status":"publish","type":"product","link":"https:\/\/www.virgingrip.com\/de\/klettergriffe\/falcons-footholds-kopirovat-kopirovat\/","title":{"rendered":"Fighters"},"content":{"rendered":"<p>Das Set eignet sich ideal f\u00fcr moderne Overhang-Boulder mit Fokus auf Zugkraft, Dynamik und flie\u00dfende \u00dcberg\u00e4nge zwischen einzelnen Makros. Gro\u00dfe Jugs sorgen f\u00fcr nat\u00fcrlichen Bewegungsfluss und erm\u00f6glichen dynamische Bewegungen, w\u00e4hrend positive Leisten technische Sequenzen auch in steileren Passagen bieten.<br \/>\nDie gl\u00e4nzende Textur unterst\u00fctzt kontrollierten Griff und stabile Fu\u00dfarbeit. Die empfohlene Auswahl von VirginGrip erm\u00f6glicht schnelles und effizientes Setzen eines ausdrucksstarken Boulders ohne lange Produktauswahl.<\/p>\n","protected":false},"excerpt":{"rendered":"<p>Klettergriffe Fighters bilden ein Boulder Kit f\u00fcr kraftvolle und dynamische Boulder an \u00fcberh\u00e4ngenden W\u00e4nden. Dominante gro\u00dfe PU-Makros kombiniert mit positiven Leisten erm\u00f6glichen physisch intensive und gleichzeitig gut lesbare Boulderprobleme.<\/p>\n","protected":false},"featured_media":27325,"template":"","meta":{"_acf_changed":false,"_crdt_document":"","site-sidebar-layout":"default","site-content-layout":"default","ast-site-content-layout":"default","site-content-style":"default","site-sidebar-style":"default","ast-global-header-display":"","ast-banner-title-visibility":"","ast-main-header-display":"","ast-hfb-above-header-display":"","ast-hfb-below-header-display":"","ast-hfb-mobile-header-display":"","site-post-title":"","ast-breadcrumbs-content":"","ast-featured-img":"","footer-sml-layout":"","ast-disable-related-posts":"","theme-transparent-header-meta":"default","adv-header-id-meta":"","stick-header-meta":"default","header-above-stick-meta":"","header-main-stick-meta":"","header-below-stick-meta":"","astra-migrate-meta-layouts":"set","ast-page-background-enabled":"default","ast-page-background-meta":{"desktop":{"background-color":"","background-image":"","background-repeat":"repeat","background-position":"center center","background-size":"auto","background-attachment":"scroll","background-type":"","background-media":"","overlay-type":"","overlay-color":"","overlay-opacity":"","overlay-gradient":""},"tablet":{"background-color":"","background-image":"","background-repeat":"repeat","background-position":"center center","background-size":"auto","background-attachment":"scroll","background-type":"","background-media":"","overlay-type":"","overlay-color":"","overlay-opacity":"","overlay-gradient":""},"mobile":{"background-color":"","background-image":"","background-repeat":"repeat","background-position":"center center","background-size":"auto","background-attachment":"scroll","background-type":"","background-media":"","overlay-type":"","overlay-color":"","overlay-opacity":"","overlay-gradient":""}},"ast-content-background-meta":{"desktop":{"background-color":"var(--ast-global-color-5)","background-image":"","background-repeat":"repeat","background-position":"center center","background-size":"auto","background-attachment":"scroll","background-type":"","background-media":"","overlay-type":"","overlay-color":"","overlay-opacity":"","overlay-gradient":""},"tablet":{"background-color":"var(--ast-global-color-5)","background-image":"","background-repeat":"repeat","background-position":"center center","background-size":"auto","background-attachment":"scroll","background-type":"","background-media":"","overlay-type":"","overlay-color":"","overlay-opacity":"","overlay-gradient":""},"mobile":{"background-color":"var(--ast-global-color-5)","background-image":"","background-repeat":"repeat","background-position":"center center","background-size":"auto","background-attachment":"scroll","background-type":"","background-media":"","overlay-type":"","overlay-color":"","overlay-opacity":"","overlay-gradient":""}},"_joinchat":[]},"product_brand":[],"product_cat":[177],"product_tag":[576],"pack":[331],"style":[],"class_list":{"0":"post-27449","1":"product","2":"type-product","3":"status-publish","4":"has-post-thumbnail","6":"product_cat-klettergriffe","7":"product_tag-packs-de","8":"pa_color-blau-de","9":"pa_color-brown-orange-ral-8023-de","10":"pa_color-fluo-green-de","11":"pa_color-fluo-orange-ral-2005","12":"pa_color-fluo-pink-pantone-806c-de","13":"pa_color-gelb","14":"pa_color-grey-ral-7001-de","15":"pa_color-grun","16":"pa_color-light-orange-ral-2011-de","17":"pa_color-mint-green-ral-6027","18":"pa_color-rot","19":"pa_color-schwarz","20":"pa_color-violet-ral-4008-de","21":"pa_color-virgingrip-blue-ral-670-6-de","22":"pa_color-weis","23":"pa_dual-texture-ja","24":"pa_fixation-screw-on-de","25":"pa_material-eco-polyurethane-3rd-generation-de","26":"pa_size-macro-de","27":"pa_size-xs-de","28":"pa_type-of-grip-crimps-de","29":"pa_type-of-grip-jug-de","30":"pack-boulder-kit","31":"desktop-align-left","32":"tablet-align-left","33":"mobile-align-left","35":"first","36":"instock","37":"taxable","38":"shipping-taxable","39":"purchasable","40":"product-type-variable"},"acf":[],"_links":{"self":[{"href":"https:\/\/www.virgingrip.com\/de\/wp-json\/wp\/v2\/product\/27449","targetHints":{"allow":["GET"]}}],"collection":[{"href":"https:\/\/www.virgingrip.com\/de\/wp-json\/wp\/v2\/product"}],"about":[{"href":"https:\/\/www.virgingrip.com\/de\/wp-json\/wp\/v2\/types\/product"}],"wp:featuredmedia":[{"embeddable":true,"href":"https:\/\/www.virgingrip.com\/de\/wp-json\/wp\/v2\/media\/27325"}],"wp:attachment":[{"href":"https:\/\/www.virgingrip.com\/de\/wp-json\/wp\/v2\/media?parent=27449"}],"wp:term":[{"taxonomy":"product_brand","embeddable":true,"href":"https:\/\/www.virgingrip.com\/de\/wp-json\/wp\/v2\/product_brand?post=27449"},{"taxonomy":"product_cat","embeddable":true,"href":"https:\/\/www.virgingrip.com\/de\/wp-json\/wp\/v2\/product_cat?post=27449"},{"taxonomy":"product_tag","embeddable":true,"href":"https:\/\/www.virgingrip.com\/de\/wp-json\/wp\/v2\/product_tag?post=27449"},{"taxonomy":"pack","embeddable":true,"href":"https:\/\/www.virgingrip.com\/de\/wp-json\/wp\/v2\/pack?post=27449"},{"taxonomy":"style","embeddable":true,"href":"https:\/\/www.virgingrip.com\/de\/wp-json\/wp\/v2\/style?post=27449"}],"curies":[{"name":"wp","href":"https:\/\/api.w.org\/{rel}","templated":true}]}}