{"id":27510,"date":"2026-04-21T21:28:12","date_gmt":"2026-04-21T19:28:12","guid":{"rendered":"https:\/\/www.virgingrip.com\/?post_type=product&#038;p=27510"},"modified":"2026-04-23T18:29:17","modified_gmt":"2026-04-23T16:29:17","slug":"pinocchio-kopirovat-kopirovat","status":"publish","type":"product","link":"https:\/\/www.virgingrip.com\/de\/klettergriffe\/pinocchio-kopirovat-kopirovat\/","title":{"rendered":"Manta Ray"},"content":{"rendered":"<p>Das Set eignet sich ideal f\u00fcr moderne Overhang-Boulder mit Fokus auf Zugkraft, dynamische Bewegungen und flie\u00dfende Sequenzen zwischen einzelnen Klettergriffen. Gro\u00dfe Jugs sorgen f\u00fcr nat\u00fcrlichen Bewegungsfluss und erm\u00f6glichen kraftvolle Bewegungen.<br \/>\nDie organischen Formen der Klettergriffe sind von der Silhouette eines Rochens inspiriert und schaffen einen markanten visuellen Effekt an der Wand, w\u00e4hrend sie gleichzeitig komfortable Griffe f\u00fcr kraftvolle Sequenzen bieten. Die empfohlene Auswahl von VirginGrip erm\u00f6glicht schnelles und effizientes Route-Setting ohne lange Produktauswahl.<\/p>\n","protected":false},"excerpt":{"rendered":"<p>Klettergriffe Manta Ray bilden ein Boulder Kit f\u00fcr kraftvolle und dynamische Boulder an \u00fcberh\u00e4ngenden W\u00e4nden. Dominante gro\u00dfe PU-Makros kombiniert mit positiven Jugs und Tritten erm\u00f6glichen auff\u00e4llige und gut lesbare Boulderprobleme.<\/p>\n","protected":false},"featured_media":27515,"template":"","meta":{"_acf_changed":false,"_crdt_document":"","site-sidebar-layout":"default","site-content-layout":"default","ast-site-content-layout":"default","site-content-style":"default","site-sidebar-style":"default","ast-global-header-display":"","ast-banner-title-visibility":"","ast-main-header-display":"","ast-hfb-above-header-display":"","ast-hfb-below-header-display":"","ast-hfb-mobile-header-display":"","site-post-title":"","ast-breadcrumbs-content":"","ast-featured-img":"","footer-sml-layout":"","ast-disable-related-posts":"","theme-transparent-header-meta":"default","adv-header-id-meta":"","stick-header-meta":"default","header-above-stick-meta":"","header-main-stick-meta":"","header-below-stick-meta":"","astra-migrate-meta-layouts":"default","ast-page-background-enabled":"default","ast-page-background-meta":{"desktop":{"background-color":"","background-image":"","background-repeat":"repeat","background-position":"center center","background-size":"auto","background-attachment":"scroll","background-type":"","background-media":"","overlay-type":"","overlay-color":"","overlay-opacity":"","overlay-gradient":""},"tablet":{"background-color":"","background-image":"","background-repeat":"repeat","background-position":"center center","background-size":"auto","background-attachment":"scroll","background-type":"","background-media":"","overlay-type":"","overlay-color":"","overlay-opacity":"","overlay-gradient":""},"mobile":{"background-color":"","background-image":"","background-repeat":"repeat","background-position":"center center","background-size":"auto","background-attachment":"scroll","background-type":"","background-media":"","overlay-type":"","overlay-color":"","overlay-opacity":"","overlay-gradient":""}},"ast-content-background-meta":{"desktop":{"background-color":"var(--ast-global-color-5)","background-image":"","background-repeat":"repeat","background-position":"center center","background-size":"auto","background-attachment":"scroll","background-type":"","background-media":"","overlay-type":"","overlay-color":"","overlay-opacity":"","overlay-gradient":""},"tablet":{"background-color":"var(--ast-global-color-5)","background-image":"","background-repeat":"repeat","background-position":"center center","background-size":"auto","background-attachment":"scroll","background-type":"","background-media":"","overlay-type":"","overlay-color":"","overlay-opacity":"","overlay-gradient":""},"mobile":{"background-color":"var(--ast-global-color-5)","background-image":"","background-repeat":"repeat","background-position":"center center","background-size":"auto","background-attachment":"scroll","background-type":"","background-media":"","overlay-type":"","overlay-color":"","overlay-opacity":"","overlay-gradient":""}},"_joinchat":[]},"product_brand":[],"product_cat":[177],"product_tag":[576],"pack":[331],"style":[],"class_list":{"0":"post-27510","1":"product","2":"type-product","3":"status-publish","4":"has-post-thumbnail","6":"product_cat-klettergriffe","7":"product_tag-packs-de","8":"pa_color-blau-de","9":"pa_color-brown-orange-ral-8023-de","10":"pa_color-fluo-green-de","11":"pa_color-fluo-orange-ral-2005","12":"pa_color-fluo-pink-pantone-806c-de","13":"pa_color-gelb","14":"pa_color-grey-ral-7001-de","15":"pa_color-grun","16":"pa_color-light-orange-ral-2011-de","17":"pa_color-mint-green-ral-6027","18":"pa_color-rot","19":"pa_color-schwarz","20":"pa_color-violet-ral-4008-de","21":"pa_color-virgingrip-blue-ral-670-6-de","22":"pa_color-weis","23":"pa_dual-texture-nein","24":"pa_fixation-anschraubbar","25":"pa_material-eco-polyurethane-3rd-generation-de","26":"pa_size-alle","27":"pa_type-of-grip-footholds-de","28":"pa_type-of-grip-jug-de","29":"pack-boulder-kit","30":"desktop-align-left","31":"tablet-align-left","32":"mobile-align-left","34":"first","35":"instock","36":"taxable","37":"shipping-taxable","38":"purchasable","39":"product-type-variable"},"acf":[],"_links":{"self":[{"href":"https:\/\/www.virgingrip.com\/de\/wp-json\/wp\/v2\/product\/27510","targetHints":{"allow":["GET"]}}],"collection":[{"href":"https:\/\/www.virgingrip.com\/de\/wp-json\/wp\/v2\/product"}],"about":[{"href":"https:\/\/www.virgingrip.com\/de\/wp-json\/wp\/v2\/types\/product"}],"wp:featuredmedia":[{"embeddable":true,"href":"https:\/\/www.virgingrip.com\/de\/wp-json\/wp\/v2\/media\/27515"}],"wp:attachment":[{"href":"https:\/\/www.virgingrip.com\/de\/wp-json\/wp\/v2\/media?parent=27510"}],"wp:term":[{"taxonomy":"product_brand","embeddable":true,"href":"https:\/\/www.virgingrip.com\/de\/wp-json\/wp\/v2\/product_brand?post=27510"},{"taxonomy":"product_cat","embeddable":true,"href":"https:\/\/www.virgingrip.com\/de\/wp-json\/wp\/v2\/product_cat?post=27510"},{"taxonomy":"product_tag","embeddable":true,"href":"https:\/\/www.virgingrip.com\/de\/wp-json\/wp\/v2\/product_tag?post=27510"},{"taxonomy":"pack","embeddable":true,"href":"https:\/\/www.virgingrip.com\/de\/wp-json\/wp\/v2\/pack?post=27510"},{"taxonomy":"style","embeddable":true,"href":"https:\/\/www.virgingrip.com\/de\/wp-json\/wp\/v2\/style?post=27510"}],"curies":[{"name":"wp","href":"https:\/\/api.w.org\/{rel}","templated":true}]}}