{"id":27532,"date":"2026-04-21T21:56:16","date_gmt":"2026-04-21T19:56:16","guid":{"rendered":"https:\/\/www.virgingrip.com\/?post_type=product&#038;p=27532"},"modified":"2026-04-23T18:35:19","modified_gmt":"2026-04-23T16:35:19","slug":"falcons-footholds-kopirovat-kopirovat-kopirovat","status":"publish","type":"product","link":"https:\/\/www.virgingrip.com\/de\/frp-makros\/falcons-footholds-kopirovat-kopirovat-kopirovat\/","title":{"rendered":"Fighters Signature Hybrid Set"},"content":{"rendered":"<p>Die gro\u00dfen FRP-Makros definieren zentrale Bewegungszonen und pr\u00e4gen den Charakter der Linie, w\u00e4hrend die PU-Klettergriffe kraftvolle Sequenzen, dynamische Z\u00fcge und technische \u00dcberg\u00e4nge erg\u00e4nzen. Das Set ist ideal f\u00fcr moderne Routen mit Fokus auf K\u00f6rperspannung, Koordination und flie\u00dfende \u00dcberg\u00e4nge zwischen dominanten Elementen.<\/p>\n<p>Die empfohlene Auswahl von VirginGrip erm\u00f6glicht schnelles und effizientes Route Setting ohne lange Produktauswahl.<\/p>\n","protected":false},"excerpt":{"rendered":"<p>Klettergriffe VirginGrip Fighters Signature Hybrid Set bilden ein Premium-Set f\u00fcr kraftvolle und dynamische Linien mit starkem Fokus auf Volumenbewegungen. Die Kombination aus PU-Klettergriffen und zwei extrem gro\u00dfen Fiberglas-Makros (FRP) erm\u00f6glicht physisch anspruchsvolle und visuell markante Boulder sowie Lead-Routen.<\/p>\n","protected":false},"featured_media":27539,"template":"","meta":{"_acf_changed":false,"_crdt_document":"","site-sidebar-layout":"default","site-content-layout":"default","ast-site-content-layout":"default","site-content-style":"default","site-sidebar-style":"default","ast-global-header-display":"","ast-banner-title-visibility":"","ast-main-header-display":"","ast-hfb-above-header-display":"","ast-hfb-below-header-display":"","ast-hfb-mobile-header-display":"","site-post-title":"","ast-breadcrumbs-content":"","ast-featured-img":"","footer-sml-layout":"","ast-disable-related-posts":"","theme-transparent-header-meta":"default","adv-header-id-meta":"","stick-header-meta":"default","header-above-stick-meta":"","header-main-stick-meta":"","header-below-stick-meta":"","astra-migrate-meta-layouts":"set","ast-page-background-enabled":"default","ast-page-background-meta":{"desktop":{"background-color":"","background-image":"","background-repeat":"repeat","background-position":"center center","background-size":"auto","background-attachment":"scroll","background-type":"","background-media":"","overlay-type":"","overlay-color":"","overlay-opacity":"","overlay-gradient":""},"tablet":{"background-color":"","background-image":"","background-repeat":"repeat","background-position":"center center","background-size":"auto","background-attachment":"scroll","background-type":"","background-media":"","overlay-type":"","overlay-color":"","overlay-opacity":"","overlay-gradient":""},"mobile":{"background-color":"","background-image":"","background-repeat":"repeat","background-position":"center center","background-size":"auto","background-attachment":"scroll","background-type":"","background-media":"","overlay-type":"","overlay-color":"","overlay-opacity":"","overlay-gradient":""}},"ast-content-background-meta":{"desktop":{"background-color":"var(--ast-global-color-5)","background-image":"","background-repeat":"repeat","background-position":"center center","background-size":"auto","background-attachment":"scroll","background-type":"","background-media":"","overlay-type":"","overlay-color":"","overlay-opacity":"","overlay-gradient":""},"tablet":{"background-color":"var(--ast-global-color-5)","background-image":"","background-repeat":"repeat","background-position":"center center","background-size":"auto","background-attachment":"scroll","background-type":"","background-media":"","overlay-type":"","overlay-color":"","overlay-opacity":"","overlay-gradient":""},"mobile":{"background-color":"var(--ast-global-color-5)","background-image":"","background-repeat":"repeat","background-position":"center center","background-size":"auto","background-attachment":"scroll","background-type":"","background-media":"","overlay-type":"","overlay-color":"","overlay-opacity":"","overlay-gradient":""}},"_joinchat":[]},"product_brand":[],"product_cat":[532],"product_tag":[576],"pack":[331],"style":[],"class_list":{"0":"post-27532","1":"product","2":"type-product","3":"status-publish","4":"has-post-thumbnail","6":"product_cat-frp-makros","7":"product_tag-packs-de","8":"pa_color-blau-de","9":"pa_color-fluo-orange-ral-2005","10":"pa_color-grun","11":"pa_color-mint-green-ral-6027","12":"pa_color-rot","13":"pa_color-schwarz","14":"pa_color-virgingrip-blue-ral-670-6-de","15":"pa_color-weis","16":"pa_dual-texture-ja","17":"pa_fixation-screw-on-de","18":"pa_material-eco-polyurethane-3rd-generation-de","19":"pa_material-glasfaserverstarkter-epoxidkunststoff-frp","20":"pa_size-alle","21":"pa_type-of-grip-crimps-de","22":"pa_type-of-grip-jug-de","23":"pack-boulder-kit","24":"desktop-align-left","25":"tablet-align-left","26":"mobile-align-left","28":"first","29":"instock","30":"taxable","31":"shipping-taxable","32":"purchasable","33":"product-type-variable"},"acf":[],"_links":{"self":[{"href":"https:\/\/www.virgingrip.com\/de\/wp-json\/wp\/v2\/product\/27532","targetHints":{"allow":["GET"]}}],"collection":[{"href":"https:\/\/www.virgingrip.com\/de\/wp-json\/wp\/v2\/product"}],"about":[{"href":"https:\/\/www.virgingrip.com\/de\/wp-json\/wp\/v2\/types\/product"}],"wp:featuredmedia":[{"embeddable":true,"href":"https:\/\/www.virgingrip.com\/de\/wp-json\/wp\/v2\/media\/27539"}],"wp:attachment":[{"href":"https:\/\/www.virgingrip.com\/de\/wp-json\/wp\/v2\/media?parent=27532"}],"wp:term":[{"taxonomy":"product_brand","embeddable":true,"href":"https:\/\/www.virgingrip.com\/de\/wp-json\/wp\/v2\/product_brand?post=27532"},{"taxonomy":"product_cat","embeddable":true,"href":"https:\/\/www.virgingrip.com\/de\/wp-json\/wp\/v2\/product_cat?post=27532"},{"taxonomy":"product_tag","embeddable":true,"href":"https:\/\/www.virgingrip.com\/de\/wp-json\/wp\/v2\/product_tag?post=27532"},{"taxonomy":"pack","embeddable":true,"href":"https:\/\/www.virgingrip.com\/de\/wp-json\/wp\/v2\/pack?post=27532"},{"taxonomy":"style","embeddable":true,"href":"https:\/\/www.virgingrip.com\/de\/wp-json\/wp\/v2\/style?post=27532"}],"curies":[{"name":"wp","href":"https:\/\/api.w.org\/{rel}","templated":true}]}}