{"id":4503,"date":"2018-07-06T15:18:48","date_gmt":"2018-07-06T13:18:48","guid":{"rendered":"https:\/\/virgingrip.com\/?post_type=product&#038;p=4503"},"modified":"2026-03-20T08:34:45","modified_gmt":"2026-03-20T07:34:45","slug":"pyramids-of-giza_crimps_klettergriffe","status":"publish","type":"product","link":"https:\/\/www.virgingrip.com\/de\/klettergriffe\/pyramids-of-giza_crimps_klettergriffe\/","title":{"rendered":"Pyramids of Giza Crimps"},"content":{"rendered":"<p>Eine Serie von zw\u00f6lf Klettergriffen, zw\u00f6lf verschiedene Formen Sie passen perfekt in die Hand und dank der verschiedenen Oberfl\u00e4chen wirst Du jedes Mal eine andere Reibung erfahren. Eine riesige Variation in der Anbringung an der Kletterwand oder am Boulder. Diese Klettergriffe vergisst Du nie!<\/p>\n","protected":false},"excerpt":{"rendered":"<p>Eine Serie von zw\u00f6lf Klettergriffen, zw\u00f6lf verschiedene Formen Sie passen perfekt in die Hand und dank der verschiedenen Oberfl\u00e4chen wirst Du jedes Mal eine andere Reibung erfahren. Eine riesige Variation in der Anbringung an der Kletterwand oder am Boulder. Diese Klettergriffe vergisst Du nie!<\/p>\n","protected":false},"featured_media":20137,"template":"","meta":{"_acf_changed":false,"_crdt_document":"","site-sidebar-layout":"default","site-content-layout":"","ast-site-content-layout":"default","site-content-style":"default","site-sidebar-style":"default","ast-global-header-display":"","ast-banner-title-visibility":"","ast-main-header-display":"","ast-hfb-above-header-display":"","ast-hfb-below-header-display":"","ast-hfb-mobile-header-display":"","site-post-title":"","ast-breadcrumbs-content":"","ast-featured-img":"","footer-sml-layout":"","ast-disable-related-posts":"","theme-transparent-header-meta":"default","adv-header-id-meta":"","stick-header-meta":"default","header-above-stick-meta":"","header-main-stick-meta":"","header-below-stick-meta":"","astra-migrate-meta-layouts":"default","ast-page-background-enabled":"default","ast-page-background-meta":{"desktop":{"background-color":"","background-image":"","background-repeat":"repeat","background-position":"center center","background-size":"auto","background-attachment":"scroll","background-type":"","background-media":"","overlay-type":"","overlay-color":"","overlay-opacity":"","overlay-gradient":""},"tablet":{"background-color":"","background-image":"","background-repeat":"repeat","background-position":"center center","background-size":"auto","background-attachment":"scroll","background-type":"","background-media":"","overlay-type":"","overlay-color":"","overlay-opacity":"","overlay-gradient":""},"mobile":{"background-color":"","background-image":"","background-repeat":"repeat","background-position":"center center","background-size":"auto","background-attachment":"scroll","background-type":"","background-media":"","overlay-type":"","overlay-color":"","overlay-opacity":"","overlay-gradient":""}},"ast-content-background-meta":{"desktop":{"background-color":"var(--ast-global-color-5)","background-image":"","background-repeat":"repeat","background-position":"center center","background-size":"auto","background-attachment":"scroll","background-type":"","background-media":"","overlay-type":"","overlay-color":"","overlay-opacity":"","overlay-gradient":""},"tablet":{"background-color":"var(--ast-global-color-5)","background-image":"","background-repeat":"repeat","background-position":"center center","background-size":"auto","background-attachment":"scroll","background-type":"","background-media":"","overlay-type":"","overlay-color":"","overlay-opacity":"","overlay-gradient":""},"mobile":{"background-color":"var(--ast-global-color-5)","background-image":"","background-repeat":"repeat","background-position":"center center","background-size":"auto","background-attachment":"scroll","background-type":"","background-media":"","overlay-type":"","overlay-color":"","overlay-opacity":"","overlay-gradient":""}},"_joinchat":[]},"product_brand":[],"product_cat":[177,716],"product_tag":[523],"pack":[330],"style":[497],"class_list":{"0":"post-4503","1":"product","2":"type-product","3":"status-publish","4":"has-post-thumbnail","6":"product_cat-klettergriffe","7":"product_cat-basic-line","8":"product_tag-basic-line-de","9":"pa_color-blau-de","10":"pa_color-brown-orange-ral-8023-de","11":"pa_color-fluo-green-de","12":"pa_color-fluo-orange-ral-2005","13":"pa_color-fluo-pink-pantone-806c-de","14":"pa_color-gelb","15":"pa_color-grey-ral-7001-de","16":"pa_color-grun","17":"pa_color-light-orange-ral-2011-de","18":"pa_color-mint-green-ral-6027","19":"pa_color-rot","20":"pa_color-schwarz","21":"pa_color-violet-ral-4008-de","22":"pa_color-virgingrip-blue-ral-670-6-de","23":"pa_color-weis","24":"pa_dual-texture-nein","25":"pa_fixation-screw-on-de","26":"pa_material-eco-polyurethane-3rd-generation-de","27":"pa_size-m-de","28":"pa_size-s-de","29":"pa_type-of-grip-crimps-de","30":"pack-st-sada","31":"style-basic-style","32":"desktop-align-left","33":"tablet-align-left","34":"mobile-align-left","36":"first","37":"instock","38":"taxable","39":"shipping-taxable","40":"purchasable","41":"product-type-variable"},"acf":[],"_links":{"self":[{"href":"https:\/\/www.virgingrip.com\/de\/wp-json\/wp\/v2\/product\/4503","targetHints":{"allow":["GET"]}}],"collection":[{"href":"https:\/\/www.virgingrip.com\/de\/wp-json\/wp\/v2\/product"}],"about":[{"href":"https:\/\/www.virgingrip.com\/de\/wp-json\/wp\/v2\/types\/product"}],"wp:featuredmedia":[{"embeddable":true,"href":"https:\/\/www.virgingrip.com\/de\/wp-json\/wp\/v2\/media\/20137"}],"wp:attachment":[{"href":"https:\/\/www.virgingrip.com\/de\/wp-json\/wp\/v2\/media?parent=4503"}],"wp:term":[{"taxonomy":"product_brand","embeddable":true,"href":"https:\/\/www.virgingrip.com\/de\/wp-json\/wp\/v2\/product_brand?post=4503"},{"taxonomy":"product_cat","embeddable":true,"href":"https:\/\/www.virgingrip.com\/de\/wp-json\/wp\/v2\/product_cat?post=4503"},{"taxonomy":"product_tag","embeddable":true,"href":"https:\/\/www.virgingrip.com\/de\/wp-json\/wp\/v2\/product_tag?post=4503"},{"taxonomy":"pack","embeddable":true,"href":"https:\/\/www.virgingrip.com\/de\/wp-json\/wp\/v2\/pack?post=4503"},{"taxonomy":"style","embeddable":true,"href":"https:\/\/www.virgingrip.com\/de\/wp-json\/wp\/v2\/style?post=4503"}],"curies":[{"name":"wp","href":"https:\/\/api.w.org\/{rel}","templated":true}]}}